{"id":1128,"date":"2023-07-21T13:02:12","date_gmt":"2023-07-21T13:02:12","guid":{"rendered":"https:\/\/silvanacaetano.pt\/?page_id=1128"},"modified":"2023-08-04T23:34:18","modified_gmt":"2023-08-04T23:34:18","slug":"reiki-1","status":"publish","type":"page","link":"https:\/\/silvanacaetano.pt\/index.php\/reiki-1\/","title":{"rendered":"Reiki 1"},"content":{"rendered":"\t\t<div data-elementor-type=\"wp-page\" data-elementor-id=\"1128\" class=\"elementor elementor-1128\" data-elementor-post-type=\"page\">\n\t\t\t\t\t\t\t<div class=\"elementor-element elementor-element-e29f835 e-flex e-con-boxed e-con\" data-id=\"e29f835\" data-element_type=\"container\" data-settings=\"{&quot;content_width&quot;:&quot;boxed&quot;}\">\n\t\t\t\t\t<div class=\"e-con-inner\">\n\t\t\t\t<div class=\"elementor-element elementor-element-8a86890 exad-sticky-section-no exad-glass-effect-no elementor-widget elementor-widget-heading\" data-id=\"8a86890\" data-element_type=\"widget\" data-widget_type=\"heading.default\">\n\t\t\t\t<div class=\"elementor-widget-container\">\n\t\t\t<style>\/*! elementor - v3.14.0 - 26-06-2023 *\/\n.elementor-heading-title{padding:0;margin:0;line-height:1}.elementor-widget-heading .elementor-heading-title[class*=elementor-size-]>a{color:inherit;font-size:inherit;line-height:inherit}.elementor-widget-heading .elementor-heading-title.elementor-size-small{font-size:15px}.elementor-widget-heading .elementor-heading-title.elementor-size-medium{font-size:19px}.elementor-widget-heading .elementor-heading-title.elementor-size-large{font-size:29px}.elementor-widget-heading .elementor-heading-title.elementor-size-xl{font-size:39px}.elementor-widget-heading .elementor-heading-title.elementor-size-xxl{font-size:59px}<\/style><h2 class=\"elementor-heading-title elementor-size-default\">Curso Reiki \u2013 N\u00edvel I<br>\nO Despertar do Curador<\/h2>\t\t<\/div>\n\t\t\t\t<\/div>\n\t\t\t\t<div class=\"elementor-element elementor-element-83dcc2b exad-sticky-section-no exad-glass-effect-no elementor-widget elementor-widget-text-editor\" data-id=\"83dcc2b\" data-element_type=\"widget\" data-widget_type=\"text-editor.default\">\n\t\t\t\t<div class=\"elementor-widget-container\">\n\t\t\t<style>\/*! elementor - v3.14.0 - 26-06-2023 *\/\n.elementor-widget-text-editor.elementor-drop-cap-view-stacked .elementor-drop-cap{background-color:#69727d;color:#fff}.elementor-widget-text-editor.elementor-drop-cap-view-framed .elementor-drop-cap{color:#69727d;border:3px solid;background-color:transparent}.elementor-widget-text-editor:not(.elementor-drop-cap-view-default) .elementor-drop-cap{margin-top:8px}.elementor-widget-text-editor:not(.elementor-drop-cap-view-default) .elementor-drop-cap-letter{width:1em;height:1em}.elementor-widget-text-editor .elementor-drop-cap{float:left;text-align:center;line-height:1;font-size:50px}.elementor-widget-text-editor .elementor-drop-cap-letter{display:inline-block}<\/style>\t\t\t\t<p class=\"p4\"><b>Enquadramento<\/b><\/p><p class=\"p4\">Convido-te a conhecer o teu verdadeiro Despertar.<\/p><p class=\"p4\">O Despertar da tua Cura.<\/p><p class=\"p4\">Ao nos sintonizarmos com a energia Reiki, despertamos para a consci\u00eancia da energia que habita em n\u00f3s e de tudo o que est\u00e1 \u00e0 nossa volta.<\/p><p class=\"p4\">Considera-se que o Reiki est\u00e1 numa determinada frequ\u00eancia de energia. Ao seres iniciado est\u00e1s a sintonizar-te como recetor e emissor de Energia Universal, tens uma liga\u00e7\u00e3o direta \u00e0 fonte desta energia, os teus canais energ\u00e9ticos est\u00e3o abertos, desbloqueados, alargados e com o trabalho di\u00e1rio ser\u00e3o aprimorados.<span class=\"Apple-converted-space\">\u00a0<\/span><\/p><p class=\"p4\">Mikau Usui, o Fundador do Reiki defendia que o Reiki \u00e9 \u201cA Arte Secreta de Convidar a Felicidade\u201d.<span class=\"Apple-converted-space\">\u00a0<\/span><\/p><p class=\"p4\">O Reiki assenta em 5 princ\u00edpios, em t\u00e9cnicas de autotratamento e tratamento aos outros, animais e plantas, e na medita\u00e7\u00e3o. Este conjunto de ferramentas permite-nos expandir a nossa consci\u00eancia.<span class=\"Apple-converted-space\">\u00a0<\/span><\/p><p class=\"p4\"><b>Dura\u00e7\u00e3o<\/b><\/p><p class=\"p4\">25 horas<\/p><p class=\"p4\"><b>Destinat\u00e1rios<\/b><\/p><p class=\"p4\">Este curso \u00e9 direcionado a todos que pretendam adquirir conhecimento sobre a tem\u00e1tica e ficar sintonizados com a poderosa energia do Reiki.<span class=\"Apple-converted-space\">\u00a0<\/span><\/p><p class=\"p4\">Este curso tamb\u00e9m \u00e9 direcionado para quem quiser repetir o n\u00edvel I de Reiki e\/ou passar um dia imerso na energia Reikiana para voltar ao seu centro e \u00e0 sua cura interior.<span class=\"Apple-converted-space\">\u00a0<\/span><\/p><p class=\"p4\"><b>Pr\u00e9-Requisitos<\/b><\/p><p class=\"p4\">Idade superior a 16 anos. Caso seja menor, o seu Encarregado de Educa\u00e7\u00e3o dever\u00e1 preencher uma declara\u00e7\u00e3o de autoriza\u00e7\u00e3o.<span class=\"Apple-converted-space\">\u00a0<\/span><\/p><p class=\"p4\"><b>Objetivos Gerais<\/b><\/p><p class=\"p4\">No final deste curso, o formando ficar\u00e1 apto a fazer o tratamento de Reiki a si pr\u00f3prio, a plantas, animais e alimentos.<\/p><p class=\"p4\"><b>Objetivos Espec\u00edficos<\/b><\/p><table class=\"t1\" cellspacing=\"0\" cellpadding=\"0\"><tbody><tr><td class=\"td1\" valign=\"middle\"><p class=\"p2\"><b>Conte\u00fado Program\u00e1tico<\/b><\/p><\/td><td class=\"td1\" valign=\"middle\"><p class=\"p2\"><b>Forma de Organiza\u00e7\u00e3o<\/b><\/p><\/td><\/tr><tr><td class=\"td1\" valign=\"middle\"><p class=\"p4\">Normas e \u00c9tica do Reiki<\/p><\/td><td class=\"td1\" valign=\"middle\"><p class=\"p4\">Presencial<\/p><\/td><\/tr><tr><td class=\"td1\" valign=\"middle\"><p class=\"p4\">Breve hist\u00f3ria do Reiki<\/p><\/td><td class=\"td1\" valign=\"middle\"><p class=\"p4\">Estudo de casa<\/p><\/td><\/tr><tr><td class=\"td1\" valign=\"middle\"><p class=\"p4\">O que \u00e9 o Reiki<\/p><\/td><td class=\"td1\" valign=\"middle\"><p class=\"p4\">Estudo de casa<\/p><\/td><\/tr><tr><td class=\"td1\" valign=\"middle\"><p class=\"p4\">Benef\u00edcios e Indica\u00e7\u00f5es do Reiki<\/p><\/td><td class=\"td1\" valign=\"middle\"><p class=\"p4\">Presencial<\/p><\/td><\/tr><tr><td class=\"td1\" valign=\"middle\"><p class=\"p4\">A Espiritualidade do Reiki<\/p><\/td><td class=\"td1\" valign=\"middle\"><p class=\"p4\">Estudo de casa<\/p><\/td><\/tr><tr><td class=\"td1\" valign=\"middle\"><p class=\"p4\">Os 5 princ\u00edpios do Reiki<\/p><\/td><td class=\"td1\" valign=\"middle\"><p class=\"p4\">Presencial<\/p><\/td><\/tr><tr><td class=\"td1\" valign=\"middle\"><p class=\"p4\">Como flui a energia Reiki<\/p><\/td><td class=\"td1\" valign=\"middle\"><p class=\"p4\">Presencial<\/p><\/td><\/tr><tr><td class=\"td1\" valign=\"middle\"><p class=\"p4\">Os 7 chacras \u2013 centros de energia<\/p><\/td><td class=\"td1\" valign=\"middle\"><p class=\"p4\">Presencial<\/p><\/td><\/tr><tr><td class=\"td1\" valign=\"middle\"><p class=\"p4\">Chacra da Raiz<\/p><\/td><td class=\"td1\" valign=\"middle\"><p class=\"p4\">Presencial<\/p><\/td><\/tr><tr><td class=\"td1\" valign=\"middle\"><p class=\"p4\">Chacra Espl\u00e9nico<\/p><\/td><td class=\"td1\" valign=\"middle\"><p class=\"p4\">Presencial<\/p><\/td><\/tr><tr><td class=\"td1\" valign=\"middle\"><p class=\"p4\">Chacra do Plexo Solar<\/p><\/td><td class=\"td1\" valign=\"middle\"><p class=\"p4\">Presencial<\/p><\/td><\/tr><tr><td class=\"td1\" valign=\"middle\"><p class=\"p4\">Chacra Card\u00edaco<\/p><\/td><td class=\"td1\" valign=\"middle\"><p class=\"p4\">Presencial<\/p><\/td><\/tr><tr><td class=\"td1\" valign=\"middle\"><p class=\"p4\">Chacra Lar\u00edngeo<\/p><\/td><td class=\"td1\" valign=\"middle\"><p class=\"p4\">Presencial<\/p><\/td><\/tr><tr><td class=\"td1\" valign=\"middle\"><p class=\"p4\">Chacra da 3\u00aa Vis\u00e3o<\/p><\/td><td class=\"td1\" valign=\"middle\"><p class=\"p4\">Presencial<\/p><\/td><\/tr><tr><td class=\"td1\" valign=\"middle\"><p class=\"p4\">Chacra da Coroa<\/p><\/td><td class=\"td1\" valign=\"middle\"><p class=\"p4\">Presencial<\/p><\/td><\/tr><tr><td class=\"td1\" valign=\"middle\"><p class=\"p4\">T\u00e9cnicas de Reiki<\/p><\/td><td class=\"td1\" valign=\"middle\"><p class=\"p4\">Presencial<\/p><\/td><\/tr><tr><td class=\"td1\" valign=\"middle\"><p class=\"p4\">Enraizamento<\/p><\/td><td class=\"td1\" valign=\"middle\"><p class=\"p4\">Presencial<\/p><\/td><\/tr><tr><td class=\"td1\" valign=\"middle\"><p class=\"p4\">Banho Seco<\/p><\/td><td class=\"td1\" valign=\"middle\"><p class=\"p4\">Presencial<\/p><\/td><\/tr><tr><td class=\"td1\" valign=\"middle\"><p class=\"p4\">Chuva de Reiki<\/p><\/td><td class=\"td1\" valign=\"middle\"><p class=\"p4\">Presencial<\/p><\/td><\/tr><tr><td class=\"td1\" valign=\"middle\"><p class=\"p4\">Gassho<\/p><\/td><td class=\"td1\" valign=\"middle\"><p class=\"p4\">Presencial<\/p><\/td><\/tr><tr><td class=\"td1\" valign=\"middle\"><p class=\"p4\">Reiji-ho<\/p><\/td><td class=\"td1\" valign=\"middle\"><p class=\"p4\">Presencial<\/p><\/td><\/tr><tr><td class=\"td1\" valign=\"middle\"><p class=\"p4\">Desintoxica\u00e7\u00e3o do Tanden<\/p><\/td><td class=\"td1\" valign=\"middle\"><p class=\"p4\">Presencial<\/p><\/td><\/tr><tr><td class=\"td1\" valign=\"middle\"><p class=\"p4\">Limpeza Energ\u00e9tica<\/p><\/td><td class=\"td1\" valign=\"middle\"><p class=\"p4\">Presencial<\/p><\/td><\/tr><tr><td class=\"td1\" valign=\"middle\"><p class=\"p4\">Byosen \u2013 Sentir os desequil\u00edbrios<\/p><\/td><td class=\"td1\" valign=\"middle\"><p class=\"p4\">Presencial<\/p><\/td><\/tr><tr><td class=\"td1\" valign=\"middle\"><p class=\"p4\">Tratamento do Umbigo<\/p><\/td><td class=\"td1\" valign=\"middle\"><p class=\"p4\">Presencial<\/p><\/td><\/tr><tr><td class=\"td1\" valign=\"middle\"><p class=\"p4\">Posi\u00e7\u00e3o das m\u00e3os no autotratamento<\/p><\/td><td class=\"td1\" valign=\"middle\"><p class=\"p4\">Presencial<\/p><\/td><\/tr><tr><td class=\"td1\" valign=\"middle\"><p class=\"p4\">Posi\u00e7\u00e3o das m\u00e3os no tratamento ao outro<\/p><\/td><td class=\"td1\" valign=\"middle\"><p class=\"p4\">Presencial<\/p><\/td><\/tr><tr><td class=\"td1\" valign=\"middle\"><p class=\"p4\">Alinhamento dos chacras<\/p><\/td><td class=\"td1\" valign=\"middle\"><p class=\"p4\">Presencial<\/p><\/td><\/tr><tr><td class=\"td1\" valign=\"middle\"><p class=\"p4\">A inicia\u00e7\u00e3o e os 21 dias de Autotratamento<\/p><\/td><td class=\"td1\" valign=\"middle\"><p class=\"p4\">Presencial e em Casa<\/p><\/td><\/tr><tr><td class=\"td1\" valign=\"middle\"><p class=\"p4\">Praticar Reiki<\/p><\/td><td class=\"td1\" valign=\"middle\"><p class=\"p4\">Presencial e em Casa<\/p><\/td><\/tr><tr><td class=\"td1\" valign=\"middle\"><p class=\"p4\">Reiki e \u00d3leos Essenciais &#8211; B\u00d3NUS<\/p><\/td><td class=\"td1\" valign=\"middle\"><p class=\"p4\">Presencial<\/p><\/td><\/tr><\/tbody><\/table><p class=\"p4\"><b>Forma de Organiza\u00e7\u00e3o<\/b><\/p><p class=\"p4\">Presencial e estudo de casa<\/p><p class=\"p4\"><b>Avalia\u00e7\u00e3o<\/b><\/p><p class=\"p4\">Os formandos s\u00e3o avaliados mediante o seu interesse, interac\u00e7\u00e3o e participa\u00e7\u00e3o.<span class=\"Apple-converted-space\">\u00a0<\/span><\/p><p class=\"p4\">No final do curso, os formandos recebem um certificado de conclus\u00e3o do curso.<span class=\"Apple-converted-space\">\u00a0<\/span><\/p><p class=\"p5\"><b>Data<\/b><\/p><p class=\"p5\">A anunciar brevemente<\/p>\t\t\t\t\t\t<\/div>\n\t\t\t\t<\/div>\n\t\t\t\t\t<\/div>\n\t\t\t\t<\/div>\n\t\t\t\t\t\t\t<\/div>\n\t\t","protected":false},"excerpt":{"rendered":"<p>Curso Reiki \u2013 N\u00edvel I O Despertar do Curador Enquadramento Convido-te a conhecer o teu verdadeiro Despertar. O Despertar da tua Cura. Ao nos sintonizarmos com a energia Reiki, despertamos para a consci\u00eancia da energia que habita em n\u00f3s e de tudo o que est\u00e1 \u00e0 nossa volta. Considera-se que o Reiki est\u00e1 numa determinada [&hellip;]<\/p>\n","protected":false},"author":12,"featured_media":0,"parent":0,"menu_order":0,"comment_status":"closed","ping_status":"closed","template":"elementor_header_footer","meta":{"footnotes":""},"class_list":["post-1128","page","type-page","status-publish","hentry"],"_links":{"self":[{"href":"https:\/\/silvanacaetano.pt\/index.php\/wp-json\/wp\/v2\/pages\/1128","targetHints":{"allow":["GET"]}}],"collection":[{"href":"https:\/\/silvanacaetano.pt\/index.php\/wp-json\/wp\/v2\/pages"}],"about":[{"href":"https:\/\/silvanacaetano.pt\/index.php\/wp-json\/wp\/v2\/types\/page"}],"author":[{"embeddable":true,"href":"https:\/\/silvanacaetano.pt\/index.php\/wp-json\/wp\/v2\/users\/12"}],"replies":[{"embeddable":true,"href":"https:\/\/silvanacaetano.pt\/index.php\/wp-json\/wp\/v2\/comments?post=1128"}],"version-history":[{"count":37,"href":"https:\/\/silvanacaetano.pt\/index.php\/wp-json\/wp\/v2\/pages\/1128\/revisions"}],"predecessor-version":[{"id":2785,"href":"https:\/\/silvanacaetano.pt\/index.php\/wp-json\/wp\/v2\/pages\/1128\/revisions\/2785"}],"wp:attachment":[{"href":"https:\/\/silvanacaetano.pt\/index.php\/wp-json\/wp\/v2\/media?parent=1128"}],"curies":[{"name":"wp","href":"https:\/\/api.w.org\/{rel}","templated":true}]}}