{"id":1144,"date":"2023-07-21T13:07:56","date_gmt":"2023-07-21T13:07:56","guid":{"rendered":"https:\/\/silvanacaetano.pt\/?page_id=1144"},"modified":"2023-08-25T22:56:52","modified_gmt":"2023-08-25T22:56:52","slug":"numerologia","status":"publish","type":"page","link":"https:\/\/silvanacaetano.pt\/index.php\/numerologia\/","title":{"rendered":"Numerologia"},"content":{"rendered":"\t\t<div data-elementor-type=\"wp-page\" data-elementor-id=\"1144\" class=\"elementor elementor-1144\" data-elementor-post-type=\"page\">\n\t\t\t\t\t\t\t<div class=\"elementor-element elementor-element-d01cf0b e-flex e-con-boxed e-con\" data-id=\"d01cf0b\" data-element_type=\"container\" data-settings=\"{&quot;content_width&quot;:&quot;boxed&quot;}\">\n\t\t\t\t\t<div class=\"e-con-inner\">\n\t\t<div class=\"elementor-element elementor-element-8f65642 e-con-full e-flex e-con\" data-id=\"8f65642\" data-element_type=\"container\" data-settings=\"{&quot;content_width&quot;:&quot;full&quot;}\">\n\t\t\t\t<div class=\"elementor-element elementor-element-7d2324b exad-sticky-section-no exad-glass-effect-no elementor-widget elementor-widget-heading\" data-id=\"7d2324b\" data-element_type=\"widget\" data-widget_type=\"heading.default\">\n\t\t\t\t<div class=\"elementor-widget-container\">\n\t\t\t<style>\/*! elementor - v3.14.0 - 26-06-2023 *\/\n.elementor-heading-title{padding:0;margin:0;line-height:1}.elementor-widget-heading .elementor-heading-title[class*=elementor-size-]>a{color:inherit;font-size:inherit;line-height:inherit}.elementor-widget-heading .elementor-heading-title.elementor-size-small{font-size:15px}.elementor-widget-heading .elementor-heading-title.elementor-size-medium{font-size:19px}.elementor-widget-heading .elementor-heading-title.elementor-size-large{font-size:29px}.elementor-widget-heading .elementor-heading-title.elementor-size-xl{font-size:39px}.elementor-widget-heading .elementor-heading-title.elementor-size-xxl{font-size:59px}<\/style><h2 class=\"elementor-heading-title elementor-size-default\">Curso de Numerologia<\/h2>\t\t<\/div>\n\t\t\t\t<\/div>\n\t\t\t\t<div class=\"elementor-element elementor-element-c191803 exad-sticky-section-no exad-glass-effect-no elementor-widget elementor-widget-text-editor\" data-id=\"c191803\" data-element_type=\"widget\" data-widget_type=\"text-editor.default\">\n\t\t\t\t<div class=\"elementor-widget-container\">\n\t\t\t<style>\/*! elementor - v3.14.0 - 26-06-2023 *\/\n.elementor-widget-text-editor.elementor-drop-cap-view-stacked .elementor-drop-cap{background-color:#69727d;color:#fff}.elementor-widget-text-editor.elementor-drop-cap-view-framed .elementor-drop-cap{color:#69727d;border:3px solid;background-color:transparent}.elementor-widget-text-editor:not(.elementor-drop-cap-view-default) .elementor-drop-cap{margin-top:8px}.elementor-widget-text-editor:not(.elementor-drop-cap-view-default) .elementor-drop-cap-letter{width:1em;height:1em}.elementor-widget-text-editor .elementor-drop-cap{float:left;text-align:center;line-height:1;font-size:50px}.elementor-widget-text-editor .elementor-drop-cap-letter{display:inline-block}<\/style>\t\t\t\t<p class=\"p4\"><b>Designa\u00e7\u00e3o do Curso<\/b><\/p><p class=\"p5\">Curso de Numerologia<span class=\"Apple-converted-space\">\u00a0<\/span><\/p><p class=\"p7\"><b>Enquadramento<\/b><\/p><p class=\"p8\">O curso de Numerologia integra-se na \u00e1rea do Desenvolvimento Pessoal e Autoconhecimento.<span class=\"Apple-converted-space\">\u00a0<\/span><\/p><p class=\"p8\">\u00c9 um curso muito completo, pois \u00e9 baseado no prop\u00f3sito de compreender qual \u00e9 o teu sentido da vida e a tua miss\u00e3o.<span class=\"Apple-converted-space\">\u00a0<\/span><\/p><p class=\"p8\">Com esta ferramenta vais aprender a interpretar um Mapa Numerol\u00f3gico, que no fundo \u00e9 uma aut\u00eantica b\u00fassola para a tua vida. Com este mapa vais ficar a saber:<\/p><p class=\"p8\">&#8211; Qual o teu prop\u00f3sito de vida;<\/p><p class=\"p8\">&#8211; O teu car\u00e1ter;<\/p><p class=\"p8\">&#8211; O teu potencial;<\/p><p class=\"p8\">&#8211; O que te motiva nesta vida;<\/p><p class=\"p8\">&#8211; O que manifestas e o que o outro v\u00ea em ti;<\/p><p class=\"p8\">&#8211; Qual o teu ponto forte;<\/p><p class=\"p8\">&#8211; Qual o objetivo em prol do teu prop\u00f3sito;<\/p><p class=\"p8\">&#8211; A energia dos teus ancestrais;<\/p><p class=\"p8\">&#8211; O teu Karma;<\/p><p class=\"p8\">&#8211; Que energia te influencia em cada etapa da tua vida e ao que resistes;<\/p><p class=\"p8\">&#8211; Qual o elemento que te rege;<\/p><p class=\"p8\">&#8211; A tua compatibilidade;<\/p><p class=\"p8\">&#8211; Qual a energia da tua casa e que miss\u00e3o tens l\u00e1 a fazer;<\/p><p class=\"p8\">&#8211; Sinais que os n\u00fameros transmitem;<\/p><p class=\"p8\">Com esta ferramenta tamb\u00e9m podes melhorar a tua forma de comunicar e a qualidade dos teus relacionamentos, pois ao conhecer a tua energia e de quem est\u00e1 pr\u00f3ximo de ti torna-se tudo muito mais f\u00e1cil.<span class=\"Apple-converted-space\">\u00a0<\/span><\/p><p class=\"p8\">Al\u00e9m disso, com este curso ficar\u00e1s apto a exercer Numerologia de forma profissional.<span class=\"Apple-converted-space\">\u00a0<\/span><\/p><p class=\"p7\"><b>Dura\u00e7\u00e3o<\/b><\/p><p class=\"p8\">Aproximadamente 40 horas distribu\u00eddas pelos m\u00f3dulos.<\/p><p class=\"p7\"><b>Destinat\u00e1rios<\/b><\/p><p class=\"p8\">Este curso destina-se a profissionais da \u00e1rea de desenvolvimento pessoal, Terapeutas Hol\u00edsticos e todas as pessoas que tenham interesse em conhecer -se melhor e quem est\u00e1 \u00e0 sua volta. Esta tem\u00e1tica tamb\u00e9m permite desenvolver compet\u00eancias pessoais e profissionais.<\/p><p class=\"p7\"><b>Objetivos Gerais<\/b><\/p><p class=\"p8\">Promover o autoconhecimento e incentivar a expans\u00e3o do teu potencial interior, promover melhores relacionamentos e aplicar a Numerologia de forma profissional.<span class=\"Apple-converted-space\">\u00a0<\/span><\/p><p class=\"p7\"><b>Objetivos Espec\u00edficos<\/b><\/p><p>Plano de Forma\u00e7\u00e3o<\/p><p class=\"p10\"><b>M\u00f3dulo 1: Os N\u00fameros<\/b><\/p><p class=\"p8\">Este m\u00f3dulo representa a introdu\u00e7\u00e3o deste curso. \u00c9 importante sintonizarmo-nos com os valores desta pr\u00e1tica e com a sua hist\u00f3ria que at\u00e9 se perde no tempo. Neste m\u00f3dulo tamb\u00e9m vamos descobrir a vibra\u00e7\u00e3o que comp\u00f5e cada n\u00famero.<span class=\"Apple-converted-space\">\u00a0<\/span><\/p><p class=\"p8\"><span style=\"color: var( --e-global-color-text ); font-family: var( --e-global-typography-text-font-family ), Sans-serif; font-size: var( --e-global-typography-text-font-size ); font-weight: var( --e-global-typography-text-font-weight ); text-align: var(--text-align); letter-spacing: 0.6px;\">1.1 Valores da Pr\u00e1tica de Numerologia<\/span><span class=\"Apple-converted-space\" style=\"color: var( --e-global-color-text ); font-family: var( --e-global-typography-text-font-family ), Sans-serif; font-size: var( --e-global-typography-text-font-size ); font-weight: var( --e-global-typography-text-font-weight ); text-align: var(--text-align); letter-spacing: 0.6px;\">\u00a0<\/span><\/p><p class=\"p8\">1.2 Os Prim\u00f3rdios da Numerologia e Defini\u00e7\u00e3o, Princ\u00edpios da Numerologia<\/p><p class=\"p8\">1.3Como \u00e9 composto o Mapa Numerol\u00f3gico<\/p><p class=\"p8\">1.4 A Energia dos N\u00fameros<\/p><p class=\"p10\"><b>M\u00f3dulo 2: S\u00edntese Pessoal<\/b><\/p><p class=\"p8\">Neste m\u00f3dulo abrimo-nos ao estudo dos c\u00e1lculos que comp\u00f5e cada individuo na sua ess\u00eancia.<span class=\"Apple-converted-space\">\u00a0<\/span><\/p><p class=\"p8\">2.1 N\u00famero do Prop\u00f3sito<\/p><p class=\"p8\">2.2 N\u00famero de Impress\u00e3o<\/p><p class=\"p8\">2.3 N\u00famero de Mem\u00f3ria Motivacional<\/p><p class=\"p8\">2.4 N\u00famero do Manifesto<\/p><p class=\"p8\">2.5 N\u00famero do Potencial<\/p><p class=\"p8\">2.6 N\u00famero da For\u00e7a<\/p><p class=\"p8\">2.7 N\u00famero S\u00edntese<\/p><p class=\"p10\"><b>M\u00f3dulo 3: N\u00fameros Secund\u00e1rios<\/b><\/p><p class=\"p8\">Neste m\u00f3dulo entramos no estudo do karma que est\u00e1 presente no nosso mapa numerol\u00f3gico e descobrimos a energia dos nossos ancestrais.<span class=\"Apple-converted-space\">\u00a0<\/span><\/p><p class=\"p8\">3.1 N\u00famero da Maturidade Espiritual<\/p><p class=\"p8\">3.2 N\u00famero do Foco<span class=\"Apple-converted-space\">\u00a0<\/span><\/p><p class=\"p8\">3.3 N\u00famero da Ferida<\/p><p class=\"p8\">3.4 Deveres Karmicos<\/p><p class=\"p8\">3.5 Li\u00e7\u00f5es Karmicas<\/p><p class=\"p8\">3.6 A energia do nosso nome pr\u00f3prio e dos nossos ancestrais<\/p><p class=\"p10\"><b>M\u00f3dulo 4: S\u00edntese Temporal<\/b><\/p><p class=\"p8\">Neste m\u00f3dulo estudamos as influ\u00eancias e desafios que vivemos em cada etapa da nossa vida, bem como a energia presente em cada ano.<span class=\"Apple-converted-space\">\u00a0<\/span><\/p><p class=\"p8\">4.1 Etapas de Vida<\/p><p class=\"p8\">\u00a0 \u00a0 4.1.1 A energia das etapas de vida<\/p><p class=\"p8\">4.2 Resist\u00eancias<\/p><p class=\"p8\">\u00a0 \u00a0 4.2.1 A energia das resist\u00eancias<\/p><p class=\"p8\">4.3 Ano Pessoal<\/p><p class=\"p8\">\u00a0 \u00a0 4.3.1 A energia do Ano Pessoal<\/p><p class=\"p10\"><b>M\u00f3dulo 5: O Karma<\/b><\/p><p class=\"p8\">Neste m\u00f3dulo aprofundamos o Karma presente no nosso mapa numerol\u00f3gico a partir da s\u00edntese temporal.<span class=\"Apple-converted-space\">\u00a0<\/span><\/p><p class=\"p8\">5.1 Aprendizagens Karmicas<\/p><p class=\"p8\">5.2 Karma Acumulado<\/p><p class=\"p8\">5.3 Objetivo Karmico<span class=\"Apple-converted-space\">\u00a0<\/span><\/p><p class=\"p10\"><b>M\u00f3dulo 6: A Numerologia e os 4 elementos<\/b><\/p><p class=\"p8\">Este m\u00f3dulo tem o objetivo de compreendermos a natureza de cada n\u00famero atrav\u00e9s dos 4 elementos. Assim conseguimos decifrar qual o elemento mais presente em cada mapa numerol\u00f3gico e as poss\u00edveis compatibilidades entre n\u00fameros.<span class=\"Apple-converted-space\">\u00a0<\/span><\/p><p class=\"p8\">6.1 An\u00e1lise de Compatibilidades Numerol\u00f3gicas<\/p><p class=\"p10\"><b>M\u00f3dulo 7: N\u00fameros da Casa<\/b><\/p><p class=\"p8\">Neste m\u00f3dulo estudamos a numerologia da nossa casa ou do nosso local de trabalho para nos alinharmos com essa vibra\u00e7\u00e3o e percebermos a miss\u00e3o dessa energia na nossa vida.<span class=\"Apple-converted-space\">\u00a0<\/span><\/p><p class=\"p8\">7.1 C\u00e1lculo do n\u00famero da Casa<\/p><p class=\"p8\">7.2 Energia dos n\u00fameros da casa<\/p><p class=\"p10\"><b>M\u00f3dulo 8 Extra: Correspond\u00eancias<\/b><\/p><p class=\"p8\">Neste m\u00f3dulo apresentamos correspond\u00eancias entre as energias dos n\u00fameros e outros elementos. Tamb\u00e9m estudamos o significado das famosas capicuas que nos aparecem tantas vezes como sinais do Universo.<span class=\"Apple-converted-space\">\u00a0<\/span><\/p><p class=\"p8\">8.1 Flores<\/p><p class=\"p8\">8.2 Cristais<\/p><p class=\"p8\">8.3 \u00d3leos Essenciais<\/p><p class=\"p8\">8.4 Significados das Capicuas Num\u00e9ricas<\/p><p class=\"p10\"><b>M\u00f3dulo 9: Interpreta\u00e7\u00e3o do Mapa Numerol\u00f3gico<span class=\"Apple-converted-space\">\u00a0<\/span><\/b><\/p><p class=\"p8\">Este m\u00f3dulo \u00e9 pr\u00e1tico. Vamos fazer v\u00e1rios estudos de mapas numerol\u00f3gicos e preparar o trabalho final<span class=\"Apple-converted-space\">\u00a0<\/span><\/p><p class=\"p8\">9.1 Exerc\u00edcios de Interpreta\u00e7\u00e3o<span class=\"Apple-converted-space\">\u00a0<\/span><\/p><p class=\"p8\">9.2 Prepara\u00e7\u00e3o do trabalho final de curso<\/p><p class=\"p10\"><b>M\u00f3dulo 10: Apresenta\u00e7\u00e3o do estudo do Mapa Numerol\u00f3gico<\/b><\/p><p class=\"p7\"><b><br \/>Forma de Organiza\u00e7\u00e3o<\/b><\/p><p class=\"p8\">Online \u2013 Plataforma Zoom.<\/p><p class=\"p8\">Uma sess\u00e3o de aproximadamente 2 a 3 horas por semana a combinar perante a disponibilidade dos formandos e da formadora.<span class=\"Apple-converted-space\">\u00a0<\/span><\/p><p class=\"p7\"><b>Avalia\u00e7\u00e3o<\/b><\/p><p class=\"p8\">Os formandos s\u00e3o avaliados mediante o seu desempenho nos exerc\u00edcios propostos e participa\u00e7\u00e3o ao longo de cada sess\u00e3o e mediante a apresenta\u00e7\u00e3o de um estudo aprofundado de um mapa numerol\u00f3gico no final do curso.<span class=\"Apple-converted-space\">\u00a0<\/span><\/p><p class=\"p8\">No final do curso ser\u00e1 entregue um certificado de conclus\u00e3o do curso.<span class=\"Apple-converted-space\">\u00a0<\/span><\/p><p class=\"p12\"><b>Data<\/b><\/p><p class=\"p8\">A anunciar brevemente.<\/p>\t\t\t\t\t\t<\/div>\n\t\t\t\t<\/div>\n\t\t\t\t<\/div>\n\t\t\t\t\t<\/div>\n\t\t\t\t<\/div>\n\t\t\t\t\t\t\t<\/div>\n\t\t","protected":false},"excerpt":{"rendered":"<p>Curso de Numerologia Designa\u00e7\u00e3o do Curso Curso de Numerologia\u00a0 Enquadramento O curso de Numerologia integra-se na \u00e1rea do Desenvolvimento Pessoal e Autoconhecimento.\u00a0 \u00c9 um curso muito completo, pois \u00e9 baseado no prop\u00f3sito de compreender qual \u00e9 o teu sentido da vida e a tua miss\u00e3o.\u00a0 Com esta ferramenta vais aprender a interpretar um Mapa Numerol\u00f3gico, [&hellip;]<\/p>\n","protected":false},"author":12,"featured_media":0,"parent":0,"menu_order":0,"comment_status":"closed","ping_status":"closed","template":"elementor_header_footer","meta":{"footnotes":""},"class_list":["post-1144","page","type-page","status-publish","hentry"],"_links":{"self":[{"href":"https:\/\/silvanacaetano.pt\/index.php\/wp-json\/wp\/v2\/pages\/1144","targetHints":{"allow":["GET"]}}],"collection":[{"href":"https:\/\/silvanacaetano.pt\/index.php\/wp-json\/wp\/v2\/pages"}],"about":[{"href":"https:\/\/silvanacaetano.pt\/index.php\/wp-json\/wp\/v2\/types\/page"}],"author":[{"embeddable":true,"href":"https:\/\/silvanacaetano.pt\/index.php\/wp-json\/wp\/v2\/users\/12"}],"replies":[{"embeddable":true,"href":"https:\/\/silvanacaetano.pt\/index.php\/wp-json\/wp\/v2\/comments?post=1144"}],"version-history":[{"count":31,"href":"https:\/\/silvanacaetano.pt\/index.php\/wp-json\/wp\/v2\/pages\/1144\/revisions"}],"predecessor-version":[{"id":3888,"href":"https:\/\/silvanacaetano.pt\/index.php\/wp-json\/wp\/v2\/pages\/1144\/revisions\/3888"}],"wp:attachment":[{"href":"https:\/\/silvanacaetano.pt\/index.php\/wp-json\/wp\/v2\/media?parent=1144"}],"curies":[{"name":"wp","href":"https:\/\/api.w.org\/{rel}","templated":true}]}}