{"id":1203,"date":"2023-07-21T13:31:54","date_gmt":"2023-07-21T13:31:54","guid":{"rendered":"https:\/\/silvanacaetano.pt\/?page_id=1203"},"modified":"2023-08-25T22:56:06","modified_gmt":"2023-08-25T22:56:06","slug":"saudebionergetica","status":"publish","type":"page","link":"https:\/\/silvanacaetano.pt\/index.php\/saudebionergetica\/","title":{"rendered":"SaudeBionergetica"},"content":{"rendered":"\t\t<div data-elementor-type=\"wp-page\" data-elementor-id=\"1203\" class=\"elementor elementor-1203\" data-elementor-post-type=\"page\">\n\t\t\t\t\t\t\t<div class=\"elementor-element elementor-element-d9722d6 e-flex e-con-boxed e-con\" data-id=\"d9722d6\" data-element_type=\"container\" data-settings=\"{&quot;content_width&quot;:&quot;boxed&quot;}\">\n\t\t\t\t\t<div class=\"e-con-inner\">\n\t\t\t\t<div class=\"elementor-element elementor-element-7c48e4b exad-sticky-section-no exad-glass-effect-no elementor-widget elementor-widget-heading\" data-id=\"7c48e4b\" data-element_type=\"widget\" data-widget_type=\"heading.default\">\n\t\t\t\t<div class=\"elementor-widget-container\">\n\t\t\t<style>\/*! elementor - v3.14.0 - 26-06-2023 *\/\n.elementor-heading-title{padding:0;margin:0;line-height:1}.elementor-widget-heading .elementor-heading-title[class*=elementor-size-]>a{color:inherit;font-size:inherit;line-height:inherit}.elementor-widget-heading .elementor-heading-title.elementor-size-small{font-size:15px}.elementor-widget-heading .elementor-heading-title.elementor-size-medium{font-size:19px}.elementor-widget-heading .elementor-heading-title.elementor-size-large{font-size:29px}.elementor-widget-heading .elementor-heading-title.elementor-size-xl{font-size:39px}.elementor-widget-heading .elementor-heading-title.elementor-size-xxl{font-size:59px}<\/style><h2 class=\"elementor-heading-title elementor-size-default\">Curso Sa\u00fade Bioenerg\u00e9tica<\/h2>\t\t<\/div>\n\t\t\t\t<\/div>\n\t\t\t\t<div class=\"elementor-element elementor-element-62289f8 exad-sticky-section-no exad-glass-effect-no elementor-widget elementor-widget-text-editor\" data-id=\"62289f8\" data-element_type=\"widget\" data-widget_type=\"text-editor.default\">\n\t\t\t\t<div class=\"elementor-widget-container\">\n\t\t\t<style>\/*! elementor - v3.14.0 - 26-06-2023 *\/\n.elementor-widget-text-editor.elementor-drop-cap-view-stacked .elementor-drop-cap{background-color:#69727d;color:#fff}.elementor-widget-text-editor.elementor-drop-cap-view-framed .elementor-drop-cap{color:#69727d;border:3px solid;background-color:transparent}.elementor-widget-text-editor:not(.elementor-drop-cap-view-default) .elementor-drop-cap{margin-top:8px}.elementor-widget-text-editor:not(.elementor-drop-cap-view-default) .elementor-drop-cap-letter{width:1em;height:1em}.elementor-widget-text-editor .elementor-drop-cap{float:left;text-align:center;line-height:1;font-size:50px}.elementor-widget-text-editor .elementor-drop-cap-letter{display:inline-block}<\/style>\t\t\t\t<p class=\"p1\"><b>Designa\u00e7\u00e3o do Curso<\/b><\/p><p class=\"p2\">Sa\u00fade Bioenerg\u00e9tica<\/p><p class=\"p4\"><b>Enquadramento<\/b><\/p><p class=\"p5\">O curso de Sa\u00fade Bioenerg\u00e9tica integra-se na \u00e1rea da Medicina Hol\u00edstica e Desenvolvimento Pessoal.<span class=\"Apple-converted-space\">\u00a0<\/span><\/p><p class=\"p5\">\u00c9 um curso que abrange v\u00e1rias \u00e1reas de estudo da sa\u00fade hol\u00edstica, com o prop\u00f3sito de facultar ao formando compreens\u00e3o do seu corpo multidimensional. A sa\u00fade come\u00e7a na nossa energia, mas tamb\u00e9m na compreens\u00e3o de n\u00f3s mesmos e da uni\u00e3o entre o nosso Ser e a Natureza.<span class=\"Apple-converted-space\">\u00a0<\/span><\/p><p class=\"p5\">Nesta forma\u00e7\u00e3o vais aprender a interpretar o teu Ser a partir da Astrologia e da Numerologia, obter conhecimentos s\u00f3lidos sobre os teus centros energ\u00e9ticos como os <i>Chacras<\/i>, e sua manuten\u00e7\u00e3o.<span class=\"Apple-converted-space\">\u00a0<\/span><\/p><p class=\"p5\">A alimenta\u00e7\u00e3o terap\u00eautica, aromaterapia, plantas medicinais, florais de Bach, t\u00e9cnicas de medita\u00e7\u00e3o, reprograma\u00e7\u00e3o de padr\u00f5es mentais, psicossom\u00e1tica e t\u00e9cnicas de liberta\u00e7\u00e3o emocional atrav\u00e9s do corpo, s\u00e3o outras mat\u00e9rias que ser\u00e3o abordadas.<\/p><p class=\"p5\">Neste curso vais ter acesso a conhecimento que ir\u00e1 expandir a tua consci\u00eancia sobre ti e os teus corpos f\u00edsico, mental e energ\u00e9tico. Aprender\u00e1s a integrar estas ferramentas na tua rotina di\u00e1ria para que possas de forma aut\u00f3noma seguir o teu caminho de autoconhecimento, autocuidado e preven\u00e7\u00e3o.<span class=\"Apple-converted-space\">\u00a0<\/span><\/p><p class=\"p4\"><b>Dura\u00e7\u00e3o<\/b><\/p><p class=\"p5\">30 horas<span class=\"Apple-converted-space\">\u00a0<\/span><\/p><p class=\"p4\"><b>Destinat\u00e1rios<\/b><\/p><p class=\"p5\">Este curso destina-se a todas as pessoas que tenham interesse em conhecer-se melhor e ter dom\u00ednio sobre a sua sa\u00fade f\u00edsica, mental e emocional. Assim como, se dirige a profissionais da \u00e1rea de desenvolvimento pessoal e Terapeutas Hol\u00edsticos.<\/p><p class=\"p4\"><b>Objetivos Gerais<\/b><\/p><p class=\"p5\">O objetivo geral \u00e9 munir o formando de conhecimento para que possa gerir de forma aut\u00f3noma o seu desenvolvimento pessoal e promo\u00e7\u00e3o da sua sa\u00fade.<span class=\"Apple-converted-space\">\u00a0<\/span><\/p><p class=\"p4\"><b>Objetivos Espec\u00edficos<\/b><\/p><p class=\"p6\"><b>M\u00f3dulo 1: Astrologia \u2013 Introdu\u00e7\u00e3o<span class=\"Apple-converted-space\">\u00a0<\/span><\/b><\/p><p class=\"p5\"><b>Neste m\u00f3dulo introdut\u00f3rio \u00e0 astrologia, iremos aprender a ler um Mapa<span class=\"Apple-converted-space\">\u00a0<\/span>Natal e estudar alguns elementos principais para o autoconhecimento.<\/b><\/p><p>1.1 Introdu\u00e7\u00e3o. Mapa Natal. O teu Sol.<\/p><p>1.2 Ascendente \/ Descendente, a minha proje\u00e7\u00e3o e sombra, duas faces da mesma moeda.<\/p><p>1.3 A Lua no teu mapa e a sua Influ\u00eancia.<\/p><p class=\"p5\">1.4 Nodo Norte e Sul. O caminho da minha Alma, passado e futuro.<\/p><p class=\"p6\"><b>M\u00f3dulo 2: Numerologia<span class=\"Apple-converted-space\">\u00a0<\/span><\/b><\/p><p class=\"p5\"><b>Neste m\u00f3dulo abrimo-nos ao estudo da nossa matriz original, desvendando a energia da nossa miss\u00e3o atrav\u00e9s da Numerologia.<span class=\"Apple-converted-space\">\u00a0<\/span><\/b><\/p><p class=\"p5\">2.1 O Poder do Autoconhecimento na Sa\u00fade<\/p><p class=\"p5\">2.2<span class=\"Apple-converted-space\">\u00a0 <\/span>A energia de cada n\u00famero segundo a Numerologia<\/p><p class=\"p5\">2.3 N\u00famero de Prop\u00f3sito<\/p><p class=\"p5\">2.4 N\u00famero da Personalidade<\/p><p class=\"p5\">2.5 An\u00e1lise da predisposi\u00e7\u00e3o da doen\u00e7a para cada energia numerol\u00f3gica<span class=\"Apple-converted-space\">\u00a0<\/span><\/p><p class=\"p6\"><b>M\u00f3dulo 3: Consci\u00eancia do corpo energ\u00e9tico<\/b><\/p><p class=\"p5\"><b>O m\u00f3dulo abrange temas distintos interligados pela energia. Aqui ir\u00e1s conhecer pr\u00e1ticas para a harmoniza\u00e7\u00e3o do teu campo energ\u00e9tico.<\/b><\/p><p class=\"p5\">3.1 Corpo energ\u00e9tico. Frequ\u00eancia. Chakras e os signos<\/p><p class=\"p5\">3.2 Medita\u00e7\u00e3o, a tua conex\u00e3o ao cosmos.<\/p><p class=\"p5\">3.3 Mente subconsciente e poder da palavra.<\/p><p class=\"p6\"><b>M\u00f3dulo 4: Medicina Natural<\/b><\/p><p class=\"p5\"><b>Neste m\u00f3dulo abordamos t\u00e9cnicas naturais que podemos integrar na nossa rotina de modo a prevenir e a tratar enfermidades f\u00edsicas, emocionais e energ\u00e9ticas.<\/b><\/p><p class=\"p5\">4.1 Plantas Medicinais para cada Chacra<\/p><p class=\"p5\">4.2 Banhos Terap\u00eauticos com Plantas Medicinais<\/p><p class=\"p5\">4.3 Aromaterapia integrada na gest\u00e3o emocional<\/p><p class=\"p5\">4.4 Florais de Bach como rem\u00e9dio natural na regula\u00e7\u00e3o emocional<\/p><p class=\"p6\"><b>M\u00f3dulo 5: Alimenta\u00e7\u00e3o terap\u00eautica<\/b><\/p><p class=\"p5\"><b>Neste m\u00f3dulo iremos aprender a escutar e observar o corpo de forma a nutri-lo de acordo com o que necessita no momento presente.<span class=\"Apple-converted-space\">\u00a0<\/span><\/b><\/p><p class=\"p5\">5.1 Escutar o nosso corpo \u00e9 meio caminho para nutri-lo.<\/p><p class=\"p5\">5.2 Detox e reprograma\u00e7\u00e3o alimentar.<\/p><p class=\"p6\"><b>M\u00f3dulo 6: Psicossom\u00e1tica \u2013 Interpretar o corpo<\/b><\/p><p class=\"p5\"><b>Neste m\u00f3dulo estudamos a forma de como o corpo comunica e interage connosco e as feridas emocionais.<span class=\"Apple-converted-space\">\u00a0<\/span><\/b><\/p><p class=\"p5\">6.1 O que \u00e9 a Psicossom\u00e1tica?<\/p><p class=\"p5\">6.2.Interpreta\u00e7\u00e3o da linguagem do corpo \u2013 interpreta\u00e7\u00e3o da doen\u00e7a<\/p><p class=\"p5\">6.3 Feridas Emocionais<\/p><p class=\"p5\">6.4 A conex\u00e3o com o corpo \u2013 t\u00e9cnicas de liberta\u00e7\u00e3o emocional<\/p><p class=\"p3\"><span class=\"Apple-converted-space\">\u00a0 \u00a0 \u00a0 \u00a0 \u00a0 \u00a0<\/span><\/p><p class=\"p4\"><b>Forma de Organiza\u00e7\u00e3o<\/b><\/p><p class=\"p5\">24h de Curso Online + 6h de Encontro Vivencial<span class=\"Apple-converted-space\">\u00a0<\/span><\/p><ul class=\"ul1\"><li class=\"li7\">As aulas s\u00e3o semanais, com a dura\u00e7\u00e3o de 1.30h entre as 21.00h e as 22.30h atrav\u00e9s da plataforma Zoom.<\/li><li class=\"li7\">As aulas s\u00e3o gravadas e disponibilizadas na plataforma Hotmart at\u00e9 2 dias ap\u00f3s a aula.<span class=\"Apple-converted-space\">\u00a0<\/span><\/li><li class=\"li7\">Atrav\u00e9s da plataforma Hotmart v\u00e3o poder aceder a todos os conte\u00fados escritos em formato PDF at\u00e9 o curso terminar.<span class=\"Apple-converted-space\">\u00a0<\/span><\/li><li class=\"li7\">Ter\u00e1s acesso a um grupo de apoio no Whatsapp com o objetivo de partilhar d\u00favidas e experi\u00eancias.<span class=\"Apple-converted-space\">\u00a0<\/span><\/li><li class=\"li7\">No final do curso ser\u00e1 realizado um encontro vivencial para consolidar todos os conhecimentos. Este encontro \u00e9 opcional e ser\u00e1 documentado para quem estiver ausente.<\/li><li class=\"li7\">No final do curso receber\u00e1s um certificado do reconhecimento da tua aprendizagem.<span class=\"Apple-converted-space\">\u00a0<\/span><\/li><\/ul><p class=\"p4\"><b>Avalia\u00e7\u00e3o<\/b><\/p><p class=\"p5\">Os formandos s\u00e3o convidados a fazer uma auto observa\u00e7\u00e3o e auto avalia\u00e7\u00e3o da sua evolu\u00e7\u00e3o ao longo do curso, perante as ferramentas de aprendizagem adquiridas.<span class=\"Apple-converted-space\">\u00a0<\/span><\/p><p class=\"p1\"><b>Formadoras<\/b><\/p><p class=\"p5\">Gina Filipe, Terapeuta Hol\u00edstica, Astr\u00f3loga, Massagista de Ayurveda, Mestre de Reiki, Mentora e Facilitadora.<\/p><p class=\"p9\"><span class=\"s1\">https:\/\/linktr.ee\/ima.gina.te<\/span><\/p><p class=\"p5\">Silvana Ver\u00edssimo Caetano, Terapeuta Hol\u00edstica, Numer\u00f3loga, Massagista Profissional, Aromaterapeuta, Mestre de Reiki e Facilitadora de Aprendizagens.<\/p><p class=\"p9\"><span class=\"s1\">https:\/\/linktr.ee\/silvanacaetano<\/span><\/p><p class=\"p11\"><b>Data<\/b><\/p><p class=\"p12\">A anunciar brevemente<\/p>\t\t\t\t\t\t<\/div>\n\t\t\t\t<\/div>\n\t\t\t\t\t<\/div>\n\t\t\t\t<\/div>\n\t\t\t\t\t\t\t<\/div>\n\t\t","protected":false},"excerpt":{"rendered":"<p>Curso Sa\u00fade Bioenerg\u00e9tica Designa\u00e7\u00e3o do Curso Sa\u00fade Bioenerg\u00e9tica Enquadramento O curso de Sa\u00fade Bioenerg\u00e9tica integra-se na \u00e1rea da Medicina Hol\u00edstica e Desenvolvimento Pessoal.\u00a0 \u00c9 um curso que abrange v\u00e1rias \u00e1reas de estudo da sa\u00fade hol\u00edstica, com o prop\u00f3sito de facultar ao formando compreens\u00e3o do seu corpo multidimensional. A sa\u00fade come\u00e7a na nossa energia, mas tamb\u00e9m [&hellip;]<\/p>\n","protected":false},"author":12,"featured_media":0,"parent":0,"menu_order":0,"comment_status":"closed","ping_status":"closed","template":"elementor_header_footer","meta":{"footnotes":""},"class_list":["post-1203","page","type-page","status-publish","hentry"],"_links":{"self":[{"href":"https:\/\/silvanacaetano.pt\/index.php\/wp-json\/wp\/v2\/pages\/1203","targetHints":{"allow":["GET"]}}],"collection":[{"href":"https:\/\/silvanacaetano.pt\/index.php\/wp-json\/wp\/v2\/pages"}],"about":[{"href":"https:\/\/silvanacaetano.pt\/index.php\/wp-json\/wp\/v2\/types\/page"}],"author":[{"embeddable":true,"href":"https:\/\/silvanacaetano.pt\/index.php\/wp-json\/wp\/v2\/users\/12"}],"replies":[{"embeddable":true,"href":"https:\/\/silvanacaetano.pt\/index.php\/wp-json\/wp\/v2\/comments?post=1203"}],"version-history":[{"count":19,"href":"https:\/\/silvanacaetano.pt\/index.php\/wp-json\/wp\/v2\/pages\/1203\/revisions"}],"predecessor-version":[{"id":3882,"href":"https:\/\/silvanacaetano.pt\/index.php\/wp-json\/wp\/v2\/pages\/1203\/revisions\/3882"}],"wp:attachment":[{"href":"https:\/\/silvanacaetano.pt\/index.php\/wp-json\/wp\/v2\/media?parent=1203"}],"curies":[{"name":"wp","href":"https:\/\/api.w.org\/{rel}","templated":true}]}}