{"id":1212,"date":"2023-07-21T13:35:17","date_gmt":"2023-07-21T13:35:17","guid":{"rendered":"https:\/\/silvanacaetano.pt\/?page_id=1212"},"modified":"2023-07-27T09:59:14","modified_gmt":"2023-07-27T09:59:14","slug":"aromaterapia","status":"publish","type":"page","link":"https:\/\/silvanacaetano.pt\/index.php\/aromaterapia\/","title":{"rendered":"Aromaterapia na Gest\u00e3o Emocional"},"content":{"rendered":"\t\t<div data-elementor-type=\"wp-page\" data-elementor-id=\"1212\" class=\"elementor elementor-1212\" data-elementor-post-type=\"page\">\n\t\t\t\t\t\t\t<div class=\"elementor-element elementor-element-a2e8952 e-flex e-con-boxed e-con\" data-id=\"a2e8952\" data-element_type=\"container\" data-settings=\"{&quot;content_width&quot;:&quot;boxed&quot;}\">\n\t\t\t\t\t<div class=\"e-con-inner\">\n\t\t\t\t<div class=\"elementor-element elementor-element-75b269d exad-sticky-section-no exad-glass-effect-no elementor-widget elementor-widget-heading\" data-id=\"75b269d\" data-element_type=\"widget\" data-widget_type=\"heading.default\">\n\t\t\t\t<div class=\"elementor-widget-container\">\n\t\t\t<style>\/*! elementor - v3.14.0 - 26-06-2023 *\/\n.elementor-heading-title{padding:0;margin:0;line-height:1}.elementor-widget-heading .elementor-heading-title[class*=elementor-size-]>a{color:inherit;font-size:inherit;line-height:inherit}.elementor-widget-heading .elementor-heading-title.elementor-size-small{font-size:15px}.elementor-widget-heading .elementor-heading-title.elementor-size-medium{font-size:19px}.elementor-widget-heading .elementor-heading-title.elementor-size-large{font-size:29px}.elementor-widget-heading .elementor-heading-title.elementor-size-xl{font-size:39px}.elementor-widget-heading .elementor-heading-title.elementor-size-xxl{font-size:59px}<\/style><h2 class=\"elementor-heading-title elementor-size-default\">Curso Aromaterapia na Gest\u00e3o Emocional<\/h2>\t\t<\/div>\n\t\t\t\t<\/div>\n\t\t\t\t<div class=\"elementor-element elementor-element-78066f5 exad-sticky-section-no exad-glass-effect-no elementor-widget elementor-widget-text-editor\" data-id=\"78066f5\" data-element_type=\"widget\" data-widget_type=\"text-editor.default\">\n\t\t\t\t<div class=\"elementor-widget-container\">\n\t\t\t<style>\/*! elementor - v3.14.0 - 26-06-2023 *\/\n.elementor-widget-text-editor.elementor-drop-cap-view-stacked .elementor-drop-cap{background-color:#69727d;color:#fff}.elementor-widget-text-editor.elementor-drop-cap-view-framed .elementor-drop-cap{color:#69727d;border:3px solid;background-color:transparent}.elementor-widget-text-editor:not(.elementor-drop-cap-view-default) .elementor-drop-cap{margin-top:8px}.elementor-widget-text-editor:not(.elementor-drop-cap-view-default) .elementor-drop-cap-letter{width:1em;height:1em}.elementor-widget-text-editor .elementor-drop-cap{float:left;text-align:center;line-height:1;font-size:50px}.elementor-widget-text-editor .elementor-drop-cap-letter{display:inline-block}<\/style>\t\t\t\t<p class=\"p1\"><b>Plano de Forma\u00e7\u00e3o<\/b><\/p><p class=\"p3\"><b>Curso<\/b><\/p><p class=\"p4\">Aromaterapia Cl\u00ednica na Gest\u00e3o Emocional.<\/p><p class=\"p3\"><b>Enquadramento<\/b><\/p><p class=\"p4\">Convido-te a conhecer e a integrares as tuas emo\u00e7\u00f5es diariamente em prol do teu verdadeiro e aut\u00eantico bem-estar com o aux\u00edlio dos \u00f3leos essenciais naturais.<span class=\"Apple-converted-space\">\u00a0<\/span><\/p><p class=\"p4\">As tuas emo\u00e7\u00f5es t\u00eam um enorme poder sobre ti no teu dia-a-dia, mas a verdade \u00e9 que a maioria das vezes n\u00e3o as escutas, reprimes. Ao reprimires vais somatizando no teu corpo at\u00e9 que chegas a sentir um grande mau estar dentro de ti.<span class=\"Apple-converted-space\">\u00a0<\/span><\/p><p class=\"p4\">Por\u00e9m, n\u00f3s temos connosco tudo o que precisamos! Atrav\u00e9s do nosso olfacto que \u00e9 o sentido mais primitivo, este exerce uma poderosa influ\u00eancia sobre os nossos pensamentos, emo\u00e7\u00f5es, estados de esp\u00edrito, mem\u00f3rias e comportamentos. Um nariz humano saud\u00e1vel consegue distinguir mais de um trili\u00e3o de diferentes aromas atrav\u00e9s dos receptores olfativos. E a Natureza d\u00e1-nos tudo o que precisamos para conectarmos com as nossas emo\u00e7\u00f5es.<span class=\"Apple-converted-space\">\u00a0<\/span><\/p><p class=\"p4\">Em suma, ao utilizar \u00f3leos essenciais para auxiliar no suporte das nossas emo\u00e7\u00f5es conseguimos viver um dia-a-dia com mais plenitude e integra\u00e7\u00e3o do que somos na nossa verdadeira ess\u00eancia divina, ou seja, atrav\u00e9s dos \u00f3leos essenciais obtemos uma melhor regula\u00e7\u00e3o emocional.<span class=\"Apple-converted-space\">\u00a0<\/span><\/p><p class=\"p3\"><b>Dura\u00e7\u00e3o<\/b><\/p><p class=\"p4\">25 horas<span class=\"Apple-converted-space\">\u00a0<\/span><\/p><p class=\"p3\"><b>Destinat\u00e1rios<\/b><\/p><p class=\"p4\">Este curso destina-se a profissionais da \u00e1rea de sa\u00fade e bem-estar, terapeutas hol\u00edsticos e a todas as pessoas que tenham interesse em conhecer melhor os \u00f3leos essenciais e os seus benef\u00edcios na gest\u00e3o emocional.<span class=\"Apple-converted-space\">\u00a0<\/span><\/p><p class=\"p3\"><b>Objetivos Gerais<\/b><\/p><p class=\"p4\">No final deste curso dever\u00e1 conseguir identificar as suas emo\u00e7\u00f5es e distinguir o \u00f3leo que poder\u00e1 ajudar no suporte das suas emo\u00e7\u00f5es.<span class=\"Apple-converted-space\">\u00a0<\/span><\/p><p class=\"p3\"><b>Objetivos Espec\u00edficos<span class=\"Apple-converted-space\">\u00a0<\/span><\/b><\/p><table class=\"t1\" cellspacing=\"0\" cellpadding=\"0\"><tbody><tr><td class=\"td1\" valign=\"middle\"><p>1. O que s\u00e3o emo\u00e7\u00f5es<\/p><\/td><\/tr><tr><td class=\"td1\" valign=\"middle\"><p class=\"p6\">\u00a0 \u00a0 1.1 Etimologia e defini\u00e7\u00e3o de emo\u00e7\u00e3o<\/p><\/td><\/tr><tr><td class=\"td1\" valign=\"middle\"><p class=\"p6\">\u00a0 \u00a0 1.2 As Emo\u00e7\u00f5es \u2013 Sistema L\u00edmbico, C\u00e9rebro, Cora\u00e7\u00e3o, Est\u00f4mago e Intestino<\/p><\/td><\/tr><tr><td class=\"td1\" valign=\"middle\"><p class=\"p6\">\u00a0 \u00a0 1.3 O Cheiro<\/p><\/td><\/tr><tr><td class=\"td1\" valign=\"middle\"><p>2. Diferen\u00e7a entre emo\u00e7\u00f5es, sentimentos e afetos<\/p><\/td><\/tr><tr><td class=\"td1\" valign=\"middle\"><p>3. Emo\u00e7\u00f5es Prim\u00e1rias, Secund\u00e1rias e de Fundo<\/p><\/td><\/tr><tr><td class=\"td1\" valign=\"middle\"><p>4. Os \u00d3leos Essenciais<\/p><\/td><\/tr><tr><td class=\"td1\" valign=\"middle\"><p class=\"p6\">\u00a0 \u00a0 4.1 Hist\u00f3ria da Aromaterapia<\/p><\/td><\/tr><tr><td class=\"td1\" valign=\"middle\"><p class=\"p6\">\u00a0 \u00a0 4.2 O que s\u00e3o \u00d3leos Essenciais<\/p><\/td><\/tr><tr><td class=\"td1\" valign=\"middle\"><p class=\"p6\">\u00a0 \u00a0 4.3 Classifica\u00e7\u00e3o dos \u00d3leos Essenciais<\/p><\/td><\/tr><tr><td class=\"td1\" valign=\"middle\"><p class=\"p6\">\u00a0 \u00a0 4.4 M\u00e9todos de aplica\u00e7\u00e3o dos \u00f3leos essenciais<\/p><\/td><\/tr><tr><td class=\"td1\" valign=\"middle\"><p class=\"p6\">\u00a0 \u00a0 \u00a0 Centros emocionais do corpo<\/p><\/td><\/tr><tr><td class=\"td1\" valign=\"middle\"><p class=\"p6\">\u00a0 \u00a0 \u00a0 O humor e os \u00f3leos essenciais<\/p><\/td><\/tr><tr><td class=\"td1\" valign=\"middle\"><p>5. Gest\u00e3o das emo\u00e7\u00f5es com o aux\u00edlio dos \u00f3leos essenciais<\/p><\/td><\/tr><tr><td class=\"td1\" valign=\"middle\"><p class=\"p6\">\u00a0 \u00a0 Raiva<\/p><\/td><\/tr><tr><td class=\"td1\" valign=\"middle\"><p class=\"p6\">\u00a0 \u00a0 Medo<\/p><\/td><\/tr><tr><td class=\"td1\" valign=\"middle\"><p class=\"p6\">\u00a0 \u00a0 Alegria<\/p><\/td><\/tr><tr><td class=\"td1\" valign=\"middle\"><p class=\"p6\">\u00a0 \u00a0 Tristeza<\/p><\/td><\/tr><tr><td class=\"td1\" valign=\"middle\"><p class=\"p6\">\u00a0 \u00a0 Vergonha<\/p><\/td><\/tr><tr><td class=\"td1\" valign=\"middle\"><p class=\"p6\">\u00a0 \u00a0 Orgulho<\/p><\/td><\/tr><tr><td class=\"td1\" valign=\"middle\"><p class=\"p6\">\u00a0 \u00a0 Ci\u00fame<\/p><\/td><\/tr><tr><td class=\"td1\" valign=\"middle\"><p class=\"p6\">\u00a0 \u00a0 Inveja<\/p><\/td><\/tr><tr><td class=\"td1\" valign=\"middle\"><p class=\"p6\">\u00a0 \u00a0 Culpa<\/p><\/td><\/tr><tr><td class=\"td1\" valign=\"middle\"><p class=\"p6\">\u00a0 \u00a0 Calma<\/p><\/td><\/tr><tr><td class=\"td1\" valign=\"middle\"><p class=\"p6\">\u00a0 \u00a0 Gratid\u00e3o<\/p><\/td><\/tr><tr><td class=\"td1\" valign=\"middle\"><p class=\"p6\">\u00a0 \u00a0 Inseguran\u00e7a<\/p><\/td><\/tr><tr><td class=\"td1\" valign=\"middle\"><p class=\"p6\">\u00a0 \u00a0 Ansiedade<\/p><\/td><\/tr><tr><td class=\"td1\" valign=\"middle\"><p class=\"p6\">\u00a0 \u00a0 Roda das Emo\u00e7\u00f5es e Sentimentos<\/p><\/td><\/tr><tr><td class=\"td1\" valign=\"middle\"><p class=\"p6\">\u00a0 \u00a0 \u00cdndice de Emo\u00e7\u00f5es x \u00d3leos Essenciais<\/p><\/td><\/tr><tr><td class=\"td1\" valign=\"middle\"><p class=\"p6\">\u00a0 \u00a0 Mapa de Reflexologia de P\u00e9s e M\u00e3os<\/p><\/td><\/tr><\/tbody><\/table><p class=\"p3\"><b>Forma de Organiza\u00e7\u00e3o<span class=\"Apple-converted-space\">\u00a0<\/span><\/b><\/p><p class=\"p4\">Online ou Presencial<\/p><p class=\"p3\"><b>Avalia\u00e7\u00e3o<\/b><\/p><p class=\"p4\">Os formandos s\u00e3o avaliados mediante o seu interesse, intera\u00e7\u00e3o e participa\u00e7\u00e3o.<span class=\"Apple-converted-space\">\u00a0<\/span><\/p><p class=\"p4\">No final ser\u00e1 entregue um Certificado de Participa\u00e7\u00e3o.<\/p><p class=\"p4\"><b>Data:<\/b> A anunciar brevemente.<\/p>\t\t\t\t\t\t<\/div>\n\t\t\t\t<\/div>\n\t\t\t\t\t<\/div>\n\t\t\t\t<\/div>\n\t\t\t\t\t\t\t<\/div>\n\t\t","protected":false},"excerpt":{"rendered":"<p>Curso Aromaterapia na Gest\u00e3o Emocional Plano de Forma\u00e7\u00e3o Curso Aromaterapia Cl\u00ednica na Gest\u00e3o Emocional. Enquadramento Convido-te a conhecer e a integrares as tuas emo\u00e7\u00f5es diariamente em prol do teu verdadeiro e aut\u00eantico bem-estar com o aux\u00edlio dos \u00f3leos essenciais naturais.\u00a0 As tuas emo\u00e7\u00f5es t\u00eam um enorme poder sobre ti no teu dia-a-dia, mas a verdade [&hellip;]<\/p>\n","protected":false},"author":12,"featured_media":0,"parent":0,"menu_order":0,"comment_status":"closed","ping_status":"closed","template":"elementor_header_footer","meta":{"footnotes":""},"class_list":["post-1212","page","type-page","status-publish","hentry"],"_links":{"self":[{"href":"https:\/\/silvanacaetano.pt\/index.php\/wp-json\/wp\/v2\/pages\/1212","targetHints":{"allow":["GET"]}}],"collection":[{"href":"https:\/\/silvanacaetano.pt\/index.php\/wp-json\/wp\/v2\/pages"}],"about":[{"href":"https:\/\/silvanacaetano.pt\/index.php\/wp-json\/wp\/v2\/types\/page"}],"author":[{"embeddable":true,"href":"https:\/\/silvanacaetano.pt\/index.php\/wp-json\/wp\/v2\/users\/12"}],"replies":[{"embeddable":true,"href":"https:\/\/silvanacaetano.pt\/index.php\/wp-json\/wp\/v2\/comments?post=1212"}],"version-history":[{"count":17,"href":"https:\/\/silvanacaetano.pt\/index.php\/wp-json\/wp\/v2\/pages\/1212\/revisions"}],"predecessor-version":[{"id":1489,"href":"https:\/\/silvanacaetano.pt\/index.php\/wp-json\/wp\/v2\/pages\/1212\/revisions\/1489"}],"wp:attachment":[{"href":"https:\/\/silvanacaetano.pt\/index.php\/wp-json\/wp\/v2\/media?parent=1212"}],"curies":[{"name":"wp","href":"https:\/\/api.w.org\/{rel}","templated":true}]}}