{"id":1220,"date":"2023-07-21T13:37:23","date_gmt":"2023-07-21T13:37:23","guid":{"rendered":"https:\/\/silvanacaetano.pt\/?page_id=1220"},"modified":"2023-07-21T13:38:53","modified_gmt":"2023-07-21T13:38:53","slug":"limpezaenergetica","status":"publish","type":"page","link":"https:\/\/silvanacaetano.pt\/index.php\/limpezaenergetica\/","title":{"rendered":"LimpezaEnergetica"},"content":{"rendered":"\t\t<div data-elementor-type=\"wp-page\" data-elementor-id=\"1220\" class=\"elementor elementor-1220\" data-elementor-post-type=\"page\">\n\t\t\t\t\t\t\t<div class=\"elementor-element elementor-element-411c6d0 e-flex e-con-boxed e-con\" data-id=\"411c6d0\" data-element_type=\"container\" data-settings=\"{&quot;content_width&quot;:&quot;boxed&quot;}\">\n\t\t\t\t\t<div class=\"e-con-inner\">\n\t\t\t\t<div class=\"elementor-element elementor-element-24224c6 exad-sticky-section-no exad-glass-effect-no elementor-widget elementor-widget-heading\" data-id=\"24224c6\" data-element_type=\"widget\" data-widget_type=\"heading.default\">\n\t\t\t\t<div class=\"elementor-widget-container\">\n\t\t\t<style>\/*! elementor - v3.14.0 - 26-06-2023 *\/\n.elementor-heading-title{padding:0;margin:0;line-height:1}.elementor-widget-heading .elementor-heading-title[class*=elementor-size-]>a{color:inherit;font-size:inherit;line-height:inherit}.elementor-widget-heading .elementor-heading-title.elementor-size-small{font-size:15px}.elementor-widget-heading .elementor-heading-title.elementor-size-medium{font-size:19px}.elementor-widget-heading .elementor-heading-title.elementor-size-large{font-size:29px}.elementor-widget-heading .elementor-heading-title.elementor-size-xl{font-size:39px}.elementor-widget-heading .elementor-heading-title.elementor-size-xxl{font-size:59px}<\/style><h2 class=\"elementor-heading-title elementor-size-default\">Curso de Te\u0301cnicas de Defesa,\n<br>Protec\u0327a\u0303o e Limpeza Energe\u0301tica<\/h2>\t\t<\/div>\n\t\t\t\t<\/div>\n\t\t\t\t<div class=\"elementor-element elementor-element-8f924fd exad-sticky-section-no exad-glass-effect-no elementor-widget elementor-widget-text-editor\" data-id=\"8f924fd\" data-element_type=\"widget\" data-widget_type=\"text-editor.default\">\n\t\t\t\t<div class=\"elementor-widget-container\">\n\t\t\t<style>\/*! elementor - v3.14.0 - 26-06-2023 *\/\n.elementor-widget-text-editor.elementor-drop-cap-view-stacked .elementor-drop-cap{background-color:#69727d;color:#fff}.elementor-widget-text-editor.elementor-drop-cap-view-framed .elementor-drop-cap{color:#69727d;border:3px solid;background-color:transparent}.elementor-widget-text-editor:not(.elementor-drop-cap-view-default) .elementor-drop-cap{margin-top:8px}.elementor-widget-text-editor:not(.elementor-drop-cap-view-default) .elementor-drop-cap-letter{width:1em;height:1em}.elementor-widget-text-editor .elementor-drop-cap{float:left;text-align:center;line-height:1;font-size:50px}.elementor-widget-text-editor .elementor-drop-cap-letter{display:inline-block}<\/style>\t\t\t\t<p class=\"p3\"><b>Enquadramento<\/b><\/p><p class=\"p6\">Este curso \u00e9 baseado na experi\u00eancia real da utiliza\u00e7\u00e3o di\u00e1ria de t\u00e9cnicas de prote\u00e7\u00e3o e limpeza energ\u00e9tica com a finalidade de nos sentirmos com mais energia, harmonia e vitalidade.<\/p><p class=\"p6\">Neste curso s\u00e3o apresentadas t\u00e9cnicas de prote\u00e7\u00e3o e limpeza energ\u00e9tica bastante acess\u00edveis para se adaptarem \u00e0 rotina do teu dia-a-dia de uma forma bastante simples.<\/p><p class=\"p6\">Tamb\u00e9m s\u00e3o apresentadas t\u00e9cnicas e rituais de atra\u00e7\u00e3o de prosperidade e abund\u00e2ncia, pois quando absorvidos por energia densa, mau olhado ou invejas, a nossa prosperidade natural tamb\u00e9m \u00e9 afetada, enfim todo o nosso campo energ\u00e9tico precisar\u00e1 de equil\u00edbrio e harmonia.<span class=\"Apple-converted-space\">\u00a0<\/span><\/p><p class=\"p3\"><b>Dura\u00e7\u00e3o<\/b><\/p><p class=\"p4\">Total 4 horas<span class=\"Apple-converted-space\">\u00a0<\/span><\/p><p class=\"p3\"><b>Destinat\u00e1rios<\/b><\/p><p class=\"p4\">Este curso destina-se a profissionais da \u00e1rea de sa\u00fade e bem-estar, terapeutas hol\u00edsticos e a todas as pessoas que tenham interesse em <span class=\"s1\">ter mais conhecimentos sobre este tema.<\/span><\/p><p class=\"p3\"><b>Objetivos Gerais<\/b><\/p><p class=\"p6\">No final deste curso dever\u00e1 ser capaz de:<\/p><ul class=\"ul1\"><li class=\"li6\">Proteger-se contra energias negativas;<\/li><li class=\"li6\">Proteger a sua casa;<\/li><li class=\"li6\">Proteger o seu local de trabalho;<\/li><li class=\"li6\">Fazer uma limpeza energ\u00e9tica a si pr\u00f3prio, e \u00e0 sua casa ou local de trabalho;<\/li><li class=\"li6\">Executar t\u00e9cnicas e rituais de atra\u00e7\u00e3o de prosperidade e abund\u00e2ncia.<\/li><\/ul><p class=\"p3\"><b><span class=\"Apple-converted-space\">Plano de Forma\u00e7\u00e3o<br \/><\/span><\/b><\/p><table class=\"t1\" cellspacing=\"0\" cellpadding=\"0\"><tbody><tr><td class=\"td1\" valign=\"middle\"><p class=\"p9\"><b>M\u00f3dulo 1 Prote\u00e7\u00e3o Pessoal<\/b><\/p><\/td><\/tr><tr><td class=\"td1\" valign=\"middle\"><p class=\"p10\">1.1 O que consome a nossa energia<\/p><\/td><\/tr><tr><td class=\"td1\" valign=\"middle\"><p class=\"p10\">1.2 Como nos podemos proteger<\/p><\/td><\/tr><tr><td class=\"td1\" valign=\"middle\"><p class=\"p9\"><b>M\u00f3dulo 2 Prote\u00e7\u00e3o Energ\u00e9tica em Casa<\/b><\/p><\/td><\/tr><tr><td class=\"td1\" valign=\"middle\"><p class=\"p10\">2.1 Cristais e outros elementos para ter em casa<\/p><\/td><\/tr><tr><td class=\"td1\" valign=\"middle\"><p class=\"p10\">2.2 Plantas a ter em casa<\/p><\/td><\/tr><tr><td class=\"td1\" valign=\"middle\"><p class=\"p10\">2.3 \u00d3leos Essenciais para difus\u00e3o<\/p><\/td><\/tr><tr><td class=\"td1\" valign=\"middle\"><p class=\"p10\">2.4 Sprays de Prote\u00e7\u00e3o e Limpeza com \u00d3leos Essenciais e Ervas<\/p><\/td><\/tr><tr><td class=\"td1\" valign=\"middle\"><p class=\"p10\">2.5 Defuma\u00e7\u00e3o<\/p><\/td><\/tr><tr><td class=\"td1\" valign=\"middle\"><p class=\"p9\"><b>M\u00f3dulo 3 Prote\u00e7\u00e3o Energ\u00e9tica no Local de Trabalho<span class=\"Apple-converted-space\">\u00a0<\/span><\/b><\/p><\/td><\/tr><tr><td class=\"td1\" valign=\"middle\"><p class=\"p10\">3.1 Cristais e outros elementos para colocar no Local de Trabalho<span class=\"Apple-converted-space\">\u00a0<\/span><\/p><\/td><\/tr><tr><td class=\"td1\" valign=\"middle\"><p class=\"p9\"><b>M\u00f3dulo 4 Limpeza Energ\u00e9tica<span class=\"Apple-converted-space\">\u00a0<\/span><\/b><\/p><\/td><\/tr><tr><td class=\"td1\" valign=\"middle\"><p class=\"p10\">4.1 Banhos de Limpeza Energ\u00e9tica<\/p><\/td><\/tr><tr><td class=\"td1\" valign=\"middle\"><p class=\"p10\">4.2 Rituais de Limpeza Energ\u00e9tica<\/p><\/td><\/tr><tr><td class=\"td1\" valign=\"middle\"><p class=\"p10\">4.3 Frequ\u00eancias Sonoras<\/p><\/td><\/tr><tr><td class=\"td1\" valign=\"middle\"><p class=\"p10\">4.4 Terapias que nos ajudam na Prote\u00e7\u00e3o e Limpeza Energ\u00e9tica<\/p><\/td><\/tr><tr><td class=\"td1\" valign=\"middle\"><p class=\"p9\"><b>BONUS: M\u00f3dulo 5 Dicas e rituais para atrair Prosperidade<\/b><\/p><\/td><\/tr><tr><td class=\"td1\" valign=\"middle\"><p class=\"p10\">5.1 Amuletos para atra\u00e7\u00e3o de Prosperidade<\/p><\/td><\/tr><tr><td class=\"td1\" valign=\"middle\"><p class=\"p10\">5.2 Rituais de Prosperidade<\/p><\/td><\/tr><tr><td class=\"td1\" valign=\"middle\"><p class=\"p9\"><b>M\u00f3dulo 6 Sugest\u00e3o de Protocolo de Prote\u00e7\u00e3o e Limpeza Energ\u00e9tica<\/b><\/p><\/td><\/tr><tr><td class=\"td1\" valign=\"middle\"><p class=\"p10\">6.1 Sugest\u00e3o de Protocolo de Prote\u00e7\u00e3o Energ\u00e9tica Pessoal<\/p><\/td><\/tr><tr><td class=\"td1\" valign=\"middle\"><p class=\"p10\">6.2 Sugest\u00e3o de Protocolo de Prote\u00e7\u00e3o Energ\u00e9tica em Casa<\/p><\/td><\/tr><tr><td class=\"td1\" valign=\"middle\"><p class=\"p10\">6.3 Sugest\u00e3o de Protocolo de Prote\u00e7\u00e3o Energ\u00e9tica no Local de Trabalho<\/p><\/td><\/tr><tr><td class=\"td1\" valign=\"middle\"><p class=\"p10\">6.4 Sugest\u00e3o de Protocolo de Limpeza Energ\u00e9tica Pessoal<\/p><\/td><\/tr><tr><td class=\"td1\" valign=\"middle\"><p class=\"p10\">6.5 Sugest\u00e3o de Protocolo de Limpeza Energ\u00e9tica em Casa e no Local de Trabalho<\/p><\/td><\/tr><tr><td class=\"td1\" valign=\"middle\"><p class=\"p10\">Anexo I \u2013 Ora\u00e7\u00f5es ao Anjos<\/p><\/td><\/tr><tr><td class=\"td1\" valign=\"middle\"><p class=\"p10\">Anexo II \u2013 Como utilizar os Cristais<\/p><\/td><\/tr><\/tbody><\/table><p class=\"p3\"><b>Forma de Organiza\u00e7\u00e3o<span class=\"Apple-converted-space\">\u00a0<\/span><\/b><\/p><p class=\"p4\">Online ou Presencial<span class=\"Apple-converted-space\">\u00a0<\/span><\/p><p class=\"p3\"><b>Avalia\u00e7\u00e3o<\/b><\/p><p class=\"p4\">Os formandos s\u00e3o avaliados mediante o seu interesse, intera\u00e7\u00e3o e participa\u00e7\u00e3o.<span class=\"Apple-converted-space\">\u00a0<\/span><\/p><p class=\"p4\">No final ser\u00e1 entregue um Certificado de Participa\u00e7\u00e3o.<\/p><p class=\"p4\"><b>Data<\/b><\/p><p class=\"p4\">A anunciar brevemente<\/p>\t\t\t\t\t\t<\/div>\n\t\t\t\t<\/div>\n\t\t\t\t\t<\/div>\n\t\t\t\t<\/div>\n\t\t\t\t\t\t\t<\/div>\n\t\t","protected":false},"excerpt":{"rendered":"<p>Curso de Te\u0301cnicas de Defesa, Protec\u0327a\u0303o e Limpeza Energe\u0301tica Enquadramento Este curso \u00e9 baseado na experi\u00eancia real da utiliza\u00e7\u00e3o di\u00e1ria de t\u00e9cnicas de prote\u00e7\u00e3o e limpeza energ\u00e9tica com a finalidade de nos sentirmos com mais energia, harmonia e vitalidade. Neste curso s\u00e3o apresentadas t\u00e9cnicas de prote\u00e7\u00e3o e limpeza energ\u00e9tica bastante acess\u00edveis para se adaptarem \u00e0 [&hellip;]<\/p>\n","protected":false},"author":12,"featured_media":0,"parent":0,"menu_order":0,"comment_status":"closed","ping_status":"closed","template":"elementor_header_footer","meta":{"footnotes":""},"class_list":["post-1220","page","type-page","status-publish","hentry"],"_links":{"self":[{"href":"https:\/\/silvanacaetano.pt\/index.php\/wp-json\/wp\/v2\/pages\/1220","targetHints":{"allow":["GET"]}}],"collection":[{"href":"https:\/\/silvanacaetano.pt\/index.php\/wp-json\/wp\/v2\/pages"}],"about":[{"href":"https:\/\/silvanacaetano.pt\/index.php\/wp-json\/wp\/v2\/types\/page"}],"author":[{"embeddable":true,"href":"https:\/\/silvanacaetano.pt\/index.php\/wp-json\/wp\/v2\/users\/12"}],"replies":[{"embeddable":true,"href":"https:\/\/silvanacaetano.pt\/index.php\/wp-json\/wp\/v2\/comments?post=1220"}],"version-history":[{"count":13,"href":"https:\/\/silvanacaetano.pt\/index.php\/wp-json\/wp\/v2\/pages\/1220\/revisions"}],"predecessor-version":[{"id":1233,"href":"https:\/\/silvanacaetano.pt\/index.php\/wp-json\/wp\/v2\/pages\/1220\/revisions\/1233"}],"wp:attachment":[{"href":"https:\/\/silvanacaetano.pt\/index.php\/wp-json\/wp\/v2\/media?parent=1220"}],"curies":[{"name":"wp","href":"https:\/\/api.w.org\/{rel}","templated":true}]}}