{"id":3,"date":"2023-06-02T10:22:53","date_gmt":"2023-06-02T10:22:53","guid":{"rendered":"https:\/\/silvanacaetano.pt\/?page_id=3"},"modified":"2023-08-28T15:40:07","modified_gmt":"2023-08-28T15:40:07","slug":"privacy-policy","status":"publish","type":"page","link":"https:\/\/silvanacaetano.pt\/index.php\/privacy-policy\/","title":{"rendered":"Pol\u00edtica de Privacidade"},"content":{"rendered":"\t\t<div data-elementor-type=\"wp-page\" data-elementor-id=\"3\" class=\"elementor elementor-3\" data-elementor-post-type=\"page\">\n\t\t\t\t\t\t\t<div class=\"elementor-element elementor-element-4391b4c e-flex e-con-boxed e-con\" data-id=\"4391b4c\" data-element_type=\"container\" data-settings=\"{&quot;content_width&quot;:&quot;boxed&quot;}\">\n\t\t\t\t\t<div class=\"e-con-inner\">\n\t\t\t\t<div class=\"elementor-element elementor-element-47fce41 exad-sticky-section-no exad-glass-effect-no elementor-widget elementor-widget-heading\" data-id=\"47fce41\" data-element_type=\"widget\" data-widget_type=\"heading.default\">\n\t\t\t\t<div class=\"elementor-widget-container\">\n\t\t\t<style>\/*! elementor - v3.14.0 - 26-06-2023 *\/\n.elementor-heading-title{padding:0;margin:0;line-height:1}.elementor-widget-heading .elementor-heading-title[class*=elementor-size-]>a{color:inherit;font-size:inherit;line-height:inherit}.elementor-widget-heading .elementor-heading-title.elementor-size-small{font-size:15px}.elementor-widget-heading .elementor-heading-title.elementor-size-medium{font-size:19px}.elementor-widget-heading .elementor-heading-title.elementor-size-large{font-size:29px}.elementor-widget-heading .elementor-heading-title.elementor-size-xl{font-size:39px}.elementor-widget-heading .elementor-heading-title.elementor-size-xxl{font-size:59px}<\/style><h2 class=\"elementor-heading-title elementor-size-default\">Pol\u00edtica de Privacidade\u200b<\/h2>\t\t<\/div>\n\t\t\t\t<\/div>\n\t\t\t\t<div class=\"elementor-element elementor-element-09b12c3 exad-sticky-section-no exad-glass-effect-no elementor-widget elementor-widget-text-editor\" data-id=\"09b12c3\" data-element_type=\"widget\" data-widget_type=\"text-editor.default\">\n\t\t\t\t<div class=\"elementor-widget-container\">\n\t\t\t<style>\/*! elementor - v3.14.0 - 26-06-2023 *\/\n.elementor-widget-text-editor.elementor-drop-cap-view-stacked .elementor-drop-cap{background-color:#69727d;color:#fff}.elementor-widget-text-editor.elementor-drop-cap-view-framed .elementor-drop-cap{color:#69727d;border:3px solid;background-color:transparent}.elementor-widget-text-editor:not(.elementor-drop-cap-view-default) .elementor-drop-cap{margin-top:8px}.elementor-widget-text-editor:not(.elementor-drop-cap-view-default) .elementor-drop-cap-letter{width:1em;height:1em}.elementor-widget-text-editor .elementor-drop-cap{float:left;text-align:center;line-height:1;font-size:50px}.elementor-widget-text-editor .elementor-drop-cap-letter{display:inline-block}<\/style>\t\t\t\t<p style=\"font-family: 'Kulim Park', arial, sans-serif; color: #000000; font-size: 15px; letter-spacing: 0.8px;\">Silvana Caetano &#8211; Massagem &amp; Terapias Hol\u00edsticas&nbsp;est\u00e1 empenhada no respeito pela privacidade e confidencialidade dos dados pessoais que lhe s\u00e3o disponibilizados e por isso neste documento encontra informa\u00e7\u00e3o sobre a forma como os mesmos s\u00e3o tratados em conformidade com o Regulamento Geral de Protec\u00e7\u00e3o de Dados. Adoptamos medidas administrativas e tecnol\u00f3gicas para cumprir com o novo Regulamento Geral de Protec\u00e7\u00e3o de Dados.<\/p>\n<p style=\"font-family: 'Kulim Park', arial, sans-serif; color: #000000; font-size: 15px; letter-spacing: 0.8px;\"><span style=\"font-weight: bold;\">Onde \u00e9 feita a capta\u00e7\u00e3o de dados pessoais?<\/span><\/p>\n<p style=\"font-family: 'Kulim Park', arial, sans-serif; color: #000000; font-size: 15px; letter-spacing: 0.8px;\"><span style=\"letter-spacing: 0.8px; font-weight: var( --e-global-typography-text-font-weight ); text-align: var(--text-align);\">Silvana Caetano &#8211; Massagem &amp; Terapias Hol\u00edsticas<\/span>&nbsp;procede \u00e0 capta\u00e7\u00e3o de dados pessoais de forma activa atrav\u00e9s do seu website no endere\u00e7o&nbsp;www.<span style=\"letter-spacing: 0.8px;\">silvanacaetano<\/span>.pt.<\/p>\n<p style=\"font-family: 'Kulim Park', arial, sans-serif; color: #000000; font-size: 15px; letter-spacing: 0.8px;\"><span style=\"font-weight: bold;\">Qual o objectivo da capta\u00e7\u00e3o de dados pessoais?<\/span><\/p>\n<p style=\"font-family: 'Kulim Park', arial, sans-serif; color: #000000; font-size: 15px; letter-spacing: 0.8px;\">Os dados pessoais s\u00e3o captados numa \u00f3ptica de enviar informa\u00e7\u00f5es, com consentimento expl\u00edcito dos seus titulares, permitindo assim \u00e0&nbsp;<span style=\"letter-spacing: 0.8px;\">Silvana Caetano &#8211; Massagem &amp; Terapias Hol\u00edsticas<\/span>&nbsp;dar a conhecer os seus servi\u00e7os, valores e outras informa\u00e7\u00f5es \u00fateis para profissionais por e-mail ou telem\u00f3vel, bem como manter o contacto com estes ao longo do tempo e enquanto for do interesse de ambas as partes.<\/p>\n<p style=\"font-family: 'Kulim Park', arial, sans-serif; color: #000000; font-size: 15px; letter-spacing: 0.8px;\"><span style=\"font-weight: bold;\">Para que \u00e9 feita a capta\u00e7\u00e3o de dados pessoais?<\/span><\/p>\n<p style=\"font-family: 'Kulim Park', arial, sans-serif; color: #000000; font-size: 15px; letter-spacing: 0.8px;\">Toda a informa\u00e7\u00e3o recolhida pela&nbsp;<span style=\"letter-spacing: 0.8px;\">Silvana Caetano &#8211; Massagem &amp; Terapias Hol\u00edsticas<\/span>&nbsp;\u00e9 para seu uso exclusivo.&nbsp;<span style=\"letter-spacing: 0.8px;\">Silvana Caetano &#8211; Massagem &amp; Terapias Hol\u00edsticas<\/span>&nbsp;compromete-se a n\u00e3o a vender, trocar, alugar ou partilhar a terceiros sem o consentimento do utilizador, excepto se a isso obrigada por decis\u00e3o de tribunal.<\/p>\n<p style=\"font-family: 'Kulim Park', arial, sans-serif; color: #000000; font-size: 15px; letter-spacing: 0.8px;\"><span style=\"font-weight: bold;\">Como s\u00e3o captados os dados pessoais?<\/span><\/p>\n<p style=\"font-family: 'Kulim Park', arial, sans-serif; color: #000000; font-size: 15px; letter-spacing: 0.8px;\">Os dados pessoais s\u00e3o captados atrav\u00e9s do website www.<span style=\"letter-spacing: 0.8px;\">silvanacaetano<\/span>.pt.&nbsp;Essa capta\u00e7\u00e3o acontece de forma directa (atrav\u00e9s do preenchimento de formul\u00e1rio onde os dados s\u00e3o solicitados) e de forma indirecta (atrav\u00e9s do registo de ac\u00e7\u00f5es realizadas pelos visitantes do site que s\u00e3o essencialmente an\u00f3nimas, mas em alguns casos podem permitir a sua identifica\u00e7\u00e3o). Na capta\u00e7\u00e3o indirecta contam-se protocolos de comunica\u00e7\u00e3o electr\u00f3nica, cookies, endere\u00e7os embebidos, pix\u00e9is transparentes, outros widgets ou dados de georeferencia\u00e7\u00e3o.<\/p>\n<p style=\"font-family: 'Kulim Park', arial, sans-serif; color: #000000; font-size: 15px; letter-spacing: 0.8px;\"><span style=\"font-weight: bold;\">Como s\u00e3o tratados os dados pessoais?<\/span><\/p>\n<p style=\"font-family: 'Kulim Park', arial, sans-serif; color: #000000; font-size: 15px; letter-spacing: 0.8px;\">Os dados s\u00e3o recolhidos e tratados para envio de informa\u00e7\u00e3o por e-mail ou telem\u00f3vel nos termos acima descritos. Os dados s\u00e3o tratados de forma sigilosa, sendo guardados numa base de dados de acesso restrito aos colaboradores que deles necessitem.<\/p>\n<p style=\"font-family: 'Kulim Park', arial, sans-serif; color: #000000; font-size: 15px; letter-spacing: 0.8px;\"><span style=\"font-weight: bold;\">Que n\u00edvel de seguran\u00e7a inform\u00e1tica \u00e9 aplicada aos dados pessoais?<\/span><\/p>\n<p style=\"font-family: 'Kulim Park', arial, sans-serif; color: #000000; font-size: 15px; letter-spacing: 0.8px;\">Recorremos a medidas de seguran\u00e7a f\u00edsicas, tecnol\u00f3gicas e administrativas para proteger a informa\u00e7\u00e3o. Os dados captados atrav\u00e9s do website da&nbsp;<span style=\"letter-spacing: 0.8px;\">Silvana Caetano &#8211; Massagem &amp; Terapias Hol\u00edsticas<\/span>&nbsp;s\u00e3o comunicados via rede Internet sob protocolo seguro SSL. Este tipo de comunica\u00e7\u00e3o n\u00e3o \u00e9 inviol\u00e1vel, mas corresponde actualmente \u00e0s melhores pr\u00e1ticas de mercado.<\/p>\n<p style=\"font-family: 'Kulim Park', arial, sans-serif; color: #000000; font-size: 15px; letter-spacing: 0.8px;\"><span style=\"font-weight: bold;\">O que acontece se houver uma viola\u00e7\u00e3o dos sistemas de seguran\u00e7a?<\/span><\/p>\n<p style=\"font-family: 'Kulim Park', arial, sans-serif; color: #000000; font-size: 15px; letter-spacing: 0.8px;\">Caso ocorra uma viola\u00e7\u00e3o dos sistemas de seguran\u00e7a que resulte comprovadamente no acesso n\u00e3o autorizado por parte de terceiros aos seus dados pessoais iremos inform\u00e1-lo por e-mail.<\/p>\n<p style=\"font-family: 'Kulim Park', arial, sans-serif; color: #000000; font-size: 15px; letter-spacing: 0.8px;\"><span style=\"font-weight: bold;\">Como posso saber que dados pessoais est\u00e3o a ser tratados?<\/span><\/p>\n<p style=\"font-family: 'Kulim Park', arial, sans-serif; color: #000000; font-size: 15px; letter-spacing: 0.8px;\">Para saber que dados pessoais estamos a tratar basta que nos dirija esse pedido por email para&nbsp;contacto@silvanacaetano.pt.<\/p>\n<p style=\"font-family: 'Kulim Park', arial, sans-serif; color: #000000; font-size: 15px; letter-spacing: 0.8px;\"><span style=\"font-weight: bold;\">Como posso solicitar a actualiza\u00e7\u00e3o ou remo\u00e7\u00e3o dos meus dados pessoais?<\/span><\/p>\n<p style=\"font-family: 'Kulim Park', arial, sans-serif; color: #000000; font-size: 15px; letter-spacing: 0.8px;\">Para actualiza\u00e7\u00e3o ou remo\u00e7\u00e3o dos seus dados pessoais basta que nos dirija esse pedido por email para&nbsp;contacto@silvanacaetano.pt.<\/p>\n<p style=\"font-family: 'Kulim Park', arial, sans-serif; color: #000000; font-size: 15px; letter-spacing: 0.8px;\"><span style=\"font-weight: bold;\">Como posso solicitar que os meus dados pessoais deixem de ser tratados?<\/span><\/p>\n<p style=\"font-family: 'Kulim Park', arial, sans-serif; color: #000000; font-size: 15px; letter-spacing: 0.8px;\">Para retirar o seu consentimento para tratamento dos seus dados basta que nos dirija esse pedido por email para&nbsp;contacto@silvanacaetano.pt.<\/p>\n<p style=\"font-family: 'Kulim Park', arial, sans-serif; color: #000000; font-size: 15px; letter-spacing: 0.8px;\"><span style=\"font-weight: bold;\">Em que circunst\u00e2ncias n\u00e3o posso revogar o meu consentimento para o tratamento de dados?<\/span><\/p>\n<p style=\"font-family: 'Kulim Park', arial, sans-serif; color: #000000; font-size: 15px; letter-spacing: 0.8px;\">Pode retirar o seu consentimento a qualquer momento, por\u00e9m, tal n\u00e3o invalida a licitude dos tratamentos efectuados at\u00e9 esse momento. Adicionalmente o tratamento dos seus dados pode ser necess\u00e1rio para execu\u00e7\u00e3o de um contrato de presta\u00e7\u00e3o de servi\u00e7os ou de outra natureza em vigor ou noutras situa\u00e7\u00f5es em que as obriga\u00e7\u00f5es legais a que a&nbsp;<span style=\"letter-spacing: 0.8px;\">Silvana Caetano &#8211; Massagem &amp; Terapias Hol\u00edsticas<\/span>&nbsp;esteja sujeita o impe\u00e7am.<\/p>\n<p style=\"font-family: 'Kulim Park', arial, sans-serif; color: #000000; font-size: 15px; letter-spacing: 0.8px;\">O site da&nbsp;<span style=\"letter-spacing: 0.8px;\">Silvana Caetano &#8211; Massagem &amp; Terapias Hol\u00edsticas<\/span>&nbsp;utiliza cookies para assegurar uma melhor experi\u00eancia de utiliza\u00e7\u00e3o e tamb\u00e9m cookies de terceiros, como Google e Facebook, para medi\u00e7\u00e3o e an\u00e1lise de tr\u00e1fego. Estes cookies podem armazenar alguma informa\u00e7\u00e3o que permita identificar um visitante do site. O visitante pode no entanto configurar o seu programa de navega\u00e7\u00e3o na Internet para n\u00e3o aceitar cookies, caso o pretenda.<\/p>\n<p style=\"font-family: 'Kulim Park', arial, sans-serif; color: #000000; font-size: 15px; letter-spacing: 0.8px;\">Adicionalmente os logs do servidor web podem registar informa\u00e7\u00e3o do visitante como o browser, sistema operativo, dispositivo incluindo marca, modelo e vers\u00e3o, origem da visita (referrer), data\/hora de acesso, endere\u00e7o IP, fornecedor de servi\u00e7o Internet e zona geogr\u00e1fica de acesso. Esta informa\u00e7\u00e3o \u00e9 usada para fins estat\u00edsticos e de melhoria de experi\u00eancia de utiliza\u00e7\u00e3o do site.<\/p>\n<p style=\"font-family: 'Kulim Park', arial, sans-serif; color: #000000; font-size: 15px; letter-spacing: 0.8px;\"><span style=\"font-weight: bold;\">Est\u00e3o a ser recolhidos e tratados dados pessoais considerados sens\u00edveis?<\/span><\/p>\n<p style=\"font-family: 'Kulim Park', arial, sans-serif; color: #000000; font-size: 15px; letter-spacing: 0.8px;\"><span style=\"letter-spacing: 0.8px;\">Silvana Caetano &#8211; Massagem &amp; Terapias Hol\u00edsticas<\/span>&nbsp;de forma activa n\u00e3o promove a recolha de qualquer dado pessoal que possa ser considerado sens\u00edvel. De qualquer forma \u00e9 poss\u00edvel que nos sejam enviados dados pessoais desta natureza por email, sendo que os mesmos ser\u00e3o tratados de forma sigilosa e apenas durante o tempo necess\u00e1rio para o fim a que se destinam.<\/p>\n<p style=\"font-family: 'Kulim Park', arial, sans-serif; color: #000000; font-size: 15px; letter-spacing: 0.8px;\"><span style=\"font-weight: bold;\">Os meus dados ser\u00e3o partilhados com terceiros?<\/span><\/p>\n<p style=\"font-family: 'Kulim Park', arial, sans-serif; color: #000000; font-size: 15px; letter-spacing: 0.8px;\">Os dados podem ser partilhados com terceiros, nomeadamente com outros fornecedores que tenhamos relacionados com servi\u00e7os que nos possa contratar e para execu\u00e7\u00e3o dos servi\u00e7os contratados.<\/p>\n<p style=\"font-family: 'Kulim Park', arial, sans-serif; color: #000000; font-size: 15px; letter-spacing: 0.8px;\">Para al\u00e9m disto os dados poder\u00e3o ser partilhados com terceiros no caso de alguma parceria espec\u00edfica que&nbsp;<span style=\"letter-spacing: 0.8px;\">Silvana Caetano &#8211; Massagem &amp; Terapias Hol\u00edsticas&nbsp;<\/span>venha a desenvolver com outro operador de mercado. Nesse caso todos os titulares dos dados ser\u00e3o oportunamente informados, sendo-lhes dada a possibilidade de se oporem esta partilha.<\/p>\n<p style=\"font-family: 'Kulim Park', arial, sans-serif; color: #000000; font-size: 15px; letter-spacing: 0.8px;\">Os dados poder\u00e3o ser partilhados com as autoridades judiciais, fiscais e regulat\u00f3rias para cumprimento de imposi\u00e7\u00f5es legais.<\/p>\n<p style=\"font-family: 'Kulim Park', arial, sans-serif; color: #000000; font-size: 15px; letter-spacing: 0.8px;\"><span style=\"font-weight: bold;\">S\u00e3o captados tamb\u00e9m dados pessoais de menores?<\/span><\/p>\n<p style=\"font-family: 'Kulim Park', arial, sans-serif; color: #000000; font-size: 15px; letter-spacing: 0.8px;\">Toda a capta\u00e7\u00e3o de dados que \u00e9 realizada n\u00e3o se dirige a menores, at\u00e9 porque, o tipo de conte\u00fado que \u00e9 divulgado \u00e9 relevante essencialmente para maiores de idade. Caso suspeite que recolhemos dados de algum menor de 18 anos queira por favor contactar-nos atrav\u00e9s do&nbsp;email&nbsp;contacto@silvanacaetano.pt.<\/p>\n<p style=\"font-family: 'Kulim Park', arial, sans-serif; color: #000000; font-size: 15px; letter-spacing: 0.8px;\"><strong>O que acontece com os dados pessoais transmitidos atrav\u00e9s das presen\u00e7as da<\/strong><b>&nbsp;<span style=\"letter-spacing: 0.8px;\">Silvana Caetano &#8211; Massagem &amp; Terapias Hol\u00edsticas<\/span>?<\/b><\/p>\n<p style=\"font-family: 'Kulim Park', arial, sans-serif; color: #000000; font-size: 15px; letter-spacing: 0.8px;\">Os dados ser\u00e3o usados exclusivamente no \u00e2mbito dos processos a que se destinem, nomeadamente para presta\u00e7\u00e3o de esclarecimentos e informa\u00e7\u00e3o relativas \u00e0s consultas que nos forem dirigidas.<\/p>\n<p style=\"font-family: 'Kulim Park', arial, sans-serif; color: #000000; font-size: 15px; letter-spacing: 0.8px;\"><span style=\"font-weight: bold;\">Esta pol\u00edtica de privacidade pode sofrer altera\u00e7\u00f5es?<\/span><\/p>\n<p style=\"font-family: 'Kulim Park', arial, sans-serif; color: #000000; font-size: 15px; letter-spacing: 0.8px;\">Sim, consoante a evolu\u00e7\u00e3o da legisla\u00e7\u00e3o e da tecnologia \u00e9 poss\u00edvel que a pol\u00edtica de privacidade vigente na Personal Spa seja alterada. Todas as altera\u00e7\u00f5es ser\u00e3o reflectidas neste documento dispon\u00edvel online.<\/p>\n<p style=\"font-family: 'Kulim Park', arial, sans-serif; color: #000000; font-size: 15px; letter-spacing: 0.8px;\"><span style=\"font-weight: bold;\">Tem alguma d\u00favida sobre esta pol\u00edtica de privacidade?<\/span><\/p>\n<p style=\"font-family: 'Kulim Park', arial, sans-serif; color: #000000; font-size: 15px; letter-spacing: 0.8px;\">Para d\u00favidas por favor contacte-nos via email atrav\u00e9s de&nbsp;contacto@silvanacaetano.pt.<\/p>\n<p style=\"font-family: 'Kulim Park', arial, sans-serif; color: #000000; font-size: 15px; letter-spacing: 0.8px;\">Esta pol\u00edtica de privacidade tem como objectivo respeitar o disposto no Regulamento n. 2016\/679 do Parlamento Europeu e do Conselho de 27 de abril de 2016.<\/p>\n<p style=\"font-family: 'Kulim Park', arial, sans-serif; color: #000000; font-size: 15px; letter-spacing: 0.8px;\">Documento criado em: 07-07-2023 | \u00daltima actualiza\u00e7\u00e3o: 07-07-2023<\/p>\t\t\t\t\t\t<\/div>\n\t\t\t\t<\/div>\n\t\t\t\t\t<\/div>\n\t\t\t\t<\/div>\n\t\t\t\t\t\t\t<\/div>\n\t\t","protected":false},"excerpt":{"rendered":"<p>Pol\u00edtica de Privacidade\u200b Silvana Caetano &#8211; Massagem &amp; Terapias Hol\u00edsticas&nbsp;est\u00e1 empenhada no respeito pela privacidade e confidencialidade dos dados pessoais que lhe s\u00e3o disponibilizados e por isso neste documento encontra informa\u00e7\u00e3o sobre a forma como os mesmos s\u00e3o tratados em conformidade com o Regulamento Geral de Protec\u00e7\u00e3o de Dados. Adoptamos medidas administrativas e tecnol\u00f3gicas para [&hellip;]<\/p>\n","protected":false},"author":12,"featured_media":0,"parent":0,"menu_order":0,"comment_status":"closed","ping_status":"closed","template":"elementor_header_footer","meta":{"footnotes":""},"class_list":["post-3","page","type-page","status-publish","hentry"],"_links":{"self":[{"href":"https:\/\/silvanacaetano.pt\/index.php\/wp-json\/wp\/v2\/pages\/3","targetHints":{"allow":["GET"]}}],"collection":[{"href":"https:\/\/silvanacaetano.pt\/index.php\/wp-json\/wp\/v2\/pages"}],"about":[{"href":"https:\/\/silvanacaetano.pt\/index.php\/wp-json\/wp\/v2\/types\/page"}],"author":[{"embeddable":true,"href":"https:\/\/silvanacaetano.pt\/index.php\/wp-json\/wp\/v2\/users\/12"}],"replies":[{"embeddable":true,"href":"https:\/\/silvanacaetano.pt\/index.php\/wp-json\/wp\/v2\/comments?post=3"}],"version-history":[{"count":7,"href":"https:\/\/silvanacaetano.pt\/index.php\/wp-json\/wp\/v2\/pages\/3\/revisions"}],"predecessor-version":[{"id":3982,"href":"https:\/\/silvanacaetano.pt\/index.php\/wp-json\/wp\/v2\/pages\/3\/revisions\/3982"}],"wp:attachment":[{"href":"https:\/\/silvanacaetano.pt\/index.php\/wp-json\/wp\/v2\/media?parent=3"}],"curies":[{"name":"wp","href":"https:\/\/api.w.org\/{rel}","templated":true}]}}